{"id":34,"date":"2024-08-25T02:40:00","date_gmt":"2024-08-25T02:40:00","guid":{"rendered":"https:\/\/rangoextendido.shop\/about\/"},"modified":"2024-09-02T22:04:50","modified_gmt":"2024-09-02T22:04:50","slug":"about","status":"publish","type":"page","link":"https:\/\/rangoextendido.shop\/es\/about\/","title":{"rendered":"Nosotros"},"content":{"rendered":"<p>Comprometidos con la formaci\u00f3n de buceadores independientes de todos los niveles, como buceadores recreativos, avanzados y de rescate; buceadores de cuevas, t\u00e9cnicos y de rebreather; as\u00ed como \"primeros intervinientes\" con \u00e9nfasis en situaciones de emergencia de buceo, tanto para alumnos como para instructores.<\/p>\n\n\n\n<p>Colaboramos y certificamos por PADI, IANTD, TDI, NSS\/CDS, EFR, DAN y PADI SWIM.<\/p>\n\n\n\n<p>Luis S\u00e1nchez-propietario y director general-se convirti\u00f3 en instructor de buceo y fund\u00f3 \"Rango Extendido\" en 1980. El nombre de la escuela est\u00e1 tomado de la terminolog\u00eda americana \"Rango Extendido\", que a grandes rasgos significa 'ir m\u00e1s all\u00e1' de su propia experiencia\/l\u00edmites consiguiendo tiempos de fondo m\u00e1s largos, yendo m\u00e1s profundo y m\u00e1s lejos, y convirti\u00e9ndose en lo mejor de lo mejor. Para nosotros, \"Rango Extendido\" tambi\u00e9n significa 'fuera de lo com\u00fan', buceadores intr\u00e9pidos, alumnos y colaboradores aventureros y exploraci\u00f3n audaz.<\/p>\n\n\n\n<p>Desde 1980, la escuela imparte cursos y viajes de buceo y nataci\u00f3n. La escuela promueve la fotograf\u00eda y la filmaci\u00f3n submarina, por ejemplo en proyectos documentales internos, tambi\u00e9n ha colaborado en varias pel\u00edculas de estudio y made for TV. \"Rango Extendido\" es hoy una empresa l\u00edder reconocida.<\/p>\n\n\n\n<p>Desde 1981, \"Rango\" ha organizado expediciones de buceo en M\u00e9xico y alrededor del mundo-\u00c1frica, Indonesia, Gal\u00e1pagos, Costa Rica, Ant\u00e1rtida, C\u00edrculo Polar \u00c1rtico, Grandes Lagos, Bahamas, Cuba, Australia, Nueva Zelanda, Isla, Tahit\u00ed, Micronesia, Fiji, y mucho m\u00e1s. Las experiencias de buceo incluyen tibur\u00f3n, naufragio, cueva, arrecife, hielo, y la b\u00fasqueda organizada de nuevos sitios de buceo a trav\u00e9s de la exploraci\u00f3n de aventura.<\/p>","protected":false},"excerpt":{"rendered":"<p>Committed to training all levels of independent divers, such as recreational, advance, and recue divers; cave, tech, and rebreather divers; as well as \u201cfirst responder\u201d with emphasis on diving emergency situations for both students and instructors. We collaborate and certify by PADI, IANTD, TDI, NSS\/CDS, EFR, DAN, and PADI SWIM. Luis S\u00e1nchez\u2014owner, and CEO\u2014became a [&hellip;]<\/p>\n","protected":false},"author":1,"featured_media":2746,"parent":0,"menu_order":0,"comment_status":"closed","ping_status":"closed","template":"","meta":{"_themeisle_gutenberg_block_has_review":false,"footnotes":""},"class_list":["post-34","page","type-page","status-publish","has-post-thumbnail","hentry"],"_links":{"self":[{"href":"https:\/\/rangoextendido.shop\/es\/wp-json\/wp\/v2\/pages\/34","targetHints":{"allow":["GET"]}}],"collection":[{"href":"https:\/\/rangoextendido.shop\/es\/wp-json\/wp\/v2\/pages"}],"about":[{"href":"https:\/\/rangoextendido.shop\/es\/wp-json\/wp\/v2\/types\/page"}],"author":[{"embeddable":true,"href":"https:\/\/rangoextendido.shop\/es\/wp-json\/wp\/v2\/users\/1"}],"replies":[{"embeddable":true,"href":"https:\/\/rangoextendido.shop\/es\/wp-json\/wp\/v2\/comments?post=34"}],"version-history":[{"count":2,"href":"https:\/\/rangoextendido.shop\/es\/wp-json\/wp\/v2\/pages\/34\/revisions"}],"predecessor-version":[{"id":187,"href":"https:\/\/rangoextendido.shop\/es\/wp-json\/wp\/v2\/pages\/34\/revisions\/187"}],"wp:featuredmedia":[{"embeddable":true,"href":"https:\/\/rangoextendido.shop\/es\/wp-json\/wp\/v2\/media\/2746"}],"wp:attachment":[{"href":"https:\/\/rangoextendido.shop\/es\/wp-json\/wp\/v2\/media?parent=34"}],"curies":[{"name":"wp","href":"https:\/\/api.w.org\/{rel}","templated":true}]}}