{"id":1117,"date":"2024-10-23T22:28:48","date_gmt":"2024-10-23T22:28:48","guid":{"rendered":"https:\/\/rangoextendido.shop\/?post_type=product&#038;p=1117"},"modified":"2026-03-24T01:00:20","modified_gmt":"2026-03-24T01:00:20","slug":"d-rings","status":"publish","type":"product","link":"https:\/\/rangoextendido.shop\/es\/producto\/d-rings\/","title":{"rendered":"Anillas en D"},"content":{"rendered":"<div class=\"woocommerce-product-details__short-description\">\n<p>Nuestras resistentes anillas en D est\u00e1n dise\u00f1adas para soportar el uso en agua salada gracias a su construcci\u00f3n en acero inoxidable de calidad marina. Se utilizan mejor junto con una corredera para cintur\u00f3n, que puede adquirirse por separado.<\/p>\n<p>Acero inoxidable 316 de calidad marina.<\/p>\n<\/div>","protected":false},"excerpt":{"rendered":"<p>La mejor forma de a\u00f1adir un punto de enganche a una cinta blanda.<\/p>","protected":false},"featured_media":1122,"comment_status":"open","ping_status":"closed","template":"","meta":{"_themeisle_gutenberg_block_has_review":false},"product_brand":[227],"product_cat":[83,88],"product_tag":[58],"class_list":{"0":"post-1117","1":"product","2":"type-product","3":"status-publish","4":"has-post-thumbnail","6":"product_brand-dive-rite","7":"product_cat-accessories","8":"product_cat-hardware","9":"product_tag-dive-rite","11":"first","12":"instock","13":"taxable","14":"shipping-taxable","15":"purchasable","16":"product-type-variable"},"_links":{"self":[{"href":"https:\/\/rangoextendido.shop\/es\/wp-json\/wp\/v2\/product\/1117","targetHints":{"allow":["GET"]}}],"collection":[{"href":"https:\/\/rangoextendido.shop\/es\/wp-json\/wp\/v2\/product"}],"about":[{"href":"https:\/\/rangoextendido.shop\/es\/wp-json\/wp\/v2\/types\/product"}],"replies":[{"embeddable":true,"href":"https:\/\/rangoextendido.shop\/es\/wp-json\/wp\/v2\/comments?post=1117"}],"wp:featuredmedia":[{"embeddable":true,"href":"https:\/\/rangoextendido.shop\/es\/wp-json\/wp\/v2\/media\/1122"}],"wp:attachment":[{"href":"https:\/\/rangoextendido.shop\/es\/wp-json\/wp\/v2\/media?parent=1117"}],"wp:term":[{"taxonomy":"product_brand","embeddable":true,"href":"https:\/\/rangoextendido.shop\/es\/wp-json\/wp\/v2\/product_brand?post=1117"},{"taxonomy":"product_cat","embeddable":true,"href":"https:\/\/rangoextendido.shop\/es\/wp-json\/wp\/v2\/product_cat?post=1117"},{"taxonomy":"product_tag","embeddable":true,"href":"https:\/\/rangoextendido.shop\/es\/wp-json\/wp\/v2\/product_tag?post=1117"}],"curies":[{"name":"wp","href":"https:\/\/api.w.org\/{rel}","templated":true}]}}