{"id":1381,"date":"2024-06-23T02:17:40","date_gmt":"2024-06-23T02:17:40","guid":{"rendered":"https:\/\/rangoextendido.shop\/?post_type=product&#038;p=1381"},"modified":"2026-03-24T22:15:24","modified_gmt":"2026-03-24T22:15:24","slug":"colombo-wetsuit-3mm-men","status":"publish","type":"product","link":"https:\/\/rangoextendido.shop\/es\/producto\/colombo-wetsuit-3mm-men\/","title":{"rendered":"Traje de neopreno Colombo 3 mm (hombre)"},"content":{"rendered":"<div class=\"elementor-element elementor-element-3a70319 elementor-widget elementor-widget-jet-single-content\" data-id=\"3a70319\" data-element_type=\"widget\" data-widget_type=\"jet-single-content.default\">\n<div class=\"elementor-widget-container\">\n<div class=\"elementor-jet-single-content jet-woo-builder\">\n<div class=\"jet-single-content\">\n<div class=\"product\">\n<p>Traje corto de neopreno de 3 mm para snorkel o buceo.<\/p>\n<ul>\n<li>Traje corto de neopreno de 3 mm.<\/li>\n<li>Cremallera trasera YKK.<\/li>\n<li>Cremallera anat\u00f3mica en el cuello.<\/li>\n<li>Velcro especial que no da\u00f1a el traje de neopreno.<\/li>\n<li>Perfecto para practicar snorkel, inmersiones en aguas tropicales y deportes acu\u00e1ticos en general.<\/li>\n<li>Especialmente dise\u00f1ado para centros de buceo, empresas tur\u00edsticas y uso recreativo\/diario.<\/li>\n<\/ul>\n<\/div>\n<\/div>\n<\/div>\n<\/div>\n<\/div>","protected":false},"excerpt":{"rendered":"<p>Traje corto de neopreno de 3 mm para snorkel o buceo. Traje corto de neopreno de 3 mm. Cremallera dorsal YKK. Cremallera anat\u00f3mica en el cuello. Velcro especial que no da\u00f1a el traje de neopreno. Perfecto para practicar snorkel, inmersiones en aguas tropicales y deportes acu\u00e1ticos en general. Especialmente dise\u00f1ado para centros de buceo, empresas tur\u00edsticas y uso recreativo\/diario.<\/p>","protected":false},"featured_media":1616,"comment_status":"open","ping_status":"closed","template":"","meta":{"_themeisle_gutenberg_block_has_review":false},"product_brand":[231],"product_cat":[38],"product_tag":[89],"class_list":{"0":"post-1381","1":"product","2":"type-product","3":"status-publish","4":"has-post-thumbnail","6":"product_brand-bonassi","7":"product_cat-wetsuits","8":"product_tag-bonassi","10":"first","11":"instock","12":"taxable","13":"shipping-taxable","14":"purchasable","15":"product-type-variable"},"_links":{"self":[{"href":"https:\/\/rangoextendido.shop\/es\/wp-json\/wp\/v2\/product\/1381","targetHints":{"allow":["GET"]}}],"collection":[{"href":"https:\/\/rangoextendido.shop\/es\/wp-json\/wp\/v2\/product"}],"about":[{"href":"https:\/\/rangoextendido.shop\/es\/wp-json\/wp\/v2\/types\/product"}],"replies":[{"embeddable":true,"href":"https:\/\/rangoextendido.shop\/es\/wp-json\/wp\/v2\/comments?post=1381"}],"wp:featuredmedia":[{"embeddable":true,"href":"https:\/\/rangoextendido.shop\/es\/wp-json\/wp\/v2\/media\/1616"}],"wp:attachment":[{"href":"https:\/\/rangoextendido.shop\/es\/wp-json\/wp\/v2\/media?parent=1381"}],"wp:term":[{"taxonomy":"product_brand","embeddable":true,"href":"https:\/\/rangoextendido.shop\/es\/wp-json\/wp\/v2\/product_brand?post=1381"},{"taxonomy":"product_cat","embeddable":true,"href":"https:\/\/rangoextendido.shop\/es\/wp-json\/wp\/v2\/product_cat?post=1381"},{"taxonomy":"product_tag","embeddable":true,"href":"https:\/\/rangoextendido.shop\/es\/wp-json\/wp\/v2\/product_tag?post=1381"}],"curies":[{"name":"wp","href":"https:\/\/api.w.org\/{rel}","templated":true}]}}