{"id":1396,"date":"2024-06-23T03:16:44","date_gmt":"2024-06-23T03:16:44","guid":{"rendered":"https:\/\/rangoextendido.shop\/?post_type=product&#038;p=1396"},"modified":"2026-03-24T22:15:40","modified_gmt":"2026-03-24T22:15:40","slug":"polo-hooded-vest-3-5mm","status":"publish","type":"product","link":"https:\/\/rangoextendido.shop\/es\/producto\/polo-hooded-vest-3-5mm\/","title":{"rendered":"Chaleco con capucha Polo 3\/5mm"},"content":{"rendered":"<div class=\"elementor-element elementor-element-3a70319 elementor-widget elementor-widget-jet-single-content\" data-id=\"3a70319\" data-element_type=\"widget\" data-widget_type=\"jet-single-content.default\">\n<div class=\"elementor-widget-container\">\n<div class=\"elementor-jet-single-content jet-woo-builder\">\n<div class=\"jet-single-content\">\n<div class=\"product\">\n<p>Chaleco con capucha para buceo<\/p>\n<ul>\n<li>Chaleco con capucha de 3\/5 mm.<\/li>\n<li>Ofrece una excelente protecci\u00f3n t\u00e9rmica y puede llevarse por encima o por debajo del traje de neopreno.<\/li>\n<li>Interior de c\u00e9lula abierta con revestimiento de metalita para facilitar la colocaci\u00f3n.<\/li>\n<\/ul>\n<\/div>\n<\/div>\n<\/div>\n<\/div>\n<\/div>","protected":false},"excerpt":{"rendered":"<p>Chaleco con capucha para submarinismo Chaleco con capucha de 3\/5 mm. Ofrece una excelente protecci\u00f3n t\u00e9rmica y puede llevarse por encima o por debajo del traje de buceo. Interior de c\u00e9lula abierta con revestimiento de metalita para facilitar su colocaci\u00f3n.<\/p>","protected":false},"featured_media":1591,"comment_status":"open","ping_status":"closed","template":"","meta":{"_themeisle_gutenberg_block_has_review":false},"product_brand":[231],"product_cat":[38],"product_tag":[89],"class_list":{"0":"post-1396","1":"product","2":"type-product","3":"status-publish","4":"has-post-thumbnail","6":"product_brand-bonassi","7":"product_cat-wetsuits","8":"product_tag-bonassi","10":"first","11":"instock","12":"taxable","13":"shipping-taxable","14":"purchasable","15":"product-type-variable"},"_links":{"self":[{"href":"https:\/\/rangoextendido.shop\/es\/wp-json\/wp\/v2\/product\/1396","targetHints":{"allow":["GET"]}}],"collection":[{"href":"https:\/\/rangoextendido.shop\/es\/wp-json\/wp\/v2\/product"}],"about":[{"href":"https:\/\/rangoextendido.shop\/es\/wp-json\/wp\/v2\/types\/product"}],"replies":[{"embeddable":true,"href":"https:\/\/rangoextendido.shop\/es\/wp-json\/wp\/v2\/comments?post=1396"}],"wp:featuredmedia":[{"embeddable":true,"href":"https:\/\/rangoextendido.shop\/es\/wp-json\/wp\/v2\/media\/1591"}],"wp:attachment":[{"href":"https:\/\/rangoextendido.shop\/es\/wp-json\/wp\/v2\/media?parent=1396"}],"wp:term":[{"taxonomy":"product_brand","embeddable":true,"href":"https:\/\/rangoextendido.shop\/es\/wp-json\/wp\/v2\/product_brand?post=1396"},{"taxonomy":"product_cat","embeddable":true,"href":"https:\/\/rangoextendido.shop\/es\/wp-json\/wp\/v2\/product_cat?post=1396"},{"taxonomy":"product_tag","embeddable":true,"href":"https:\/\/rangoextendido.shop\/es\/wp-json\/wp\/v2\/product_tag?post=1396"}],"curies":[{"name":"wp","href":"https:\/\/api.w.org\/{rel}","templated":true}]}}