{"id":1404,"date":"2024-06-23T03:37:25","date_gmt":"2024-06-23T03:37:25","guid":{"rendered":"https:\/\/rangoextendido.shop\/?post_type=product&#038;p=1404"},"modified":"2026-03-24T22:15:32","modified_gmt":"2026-03-24T22:15:32","slug":"metal-socks-2mm","status":"publish","type":"product","link":"https:\/\/rangoextendido.shop\/es\/producto\/metal-socks-2mm\/","title":{"rendered":"Calcetines met\u00e1licos de 2 mm"},"content":{"rendered":"<div class=\"elementor-element elementor-element-3a70319 elementor-widget elementor-widget-jet-single-content\" data-id=\"3a70319\" data-element_type=\"widget\" data-widget_type=\"jet-single-content.default\">\n<div class=\"elementor-widget-container\">\n<div class=\"elementor-jet-single-content jet-woo-builder\">\n<div class=\"jet-single-content\">\n<div class=\"product\">\n<p>Calcet\u00edn de neopreno ideal para el buceo y la pesca submarina.<\/p>\n<ul>\n<li>El calcet\u00edn met\u00e1lico es muy suave y flexible, hecho de neopreno el\u00e1stico de 2MM.<\/li>\n<li>En su interior tiene neopreno de c\u00e9lula abierta recubierto de metaliita negra para facilitar su uso. Los calcetines tienen suelas antideslizantes.<\/li>\n<\/ul>\n<\/div>\n<\/div>\n<\/div>\n<\/div>\n<\/div>","protected":false},"excerpt":{"rendered":"<p>Calcet\u00edn de neopreno ideal para el buceo y la pesca submarina. El calcet\u00edn de metalita es muy suave y flexible, fabricado con neopreno el\u00e1stico de 2MM. En su interior tiene neopreno de c\u00e9lula abierta recubierto de metalita negra para facilitar su uso. Los calcetines tienen suela antideslizante.<\/p>","protected":false},"featured_media":1589,"comment_status":"open","ping_status":"closed","template":"","meta":{"_themeisle_gutenberg_block_has_review":false},"product_brand":[231],"product_cat":[38],"product_tag":[89],"class_list":{"0":"post-1404","1":"product","2":"type-product","3":"status-publish","4":"has-post-thumbnail","6":"product_brand-bonassi","7":"product_cat-wetsuits","8":"product_tag-bonassi","10":"first","11":"instock","12":"taxable","13":"shipping-taxable","14":"purchasable","15":"product-type-variable"},"_links":{"self":[{"href":"https:\/\/rangoextendido.shop\/es\/wp-json\/wp\/v2\/product\/1404","targetHints":{"allow":["GET"]}}],"collection":[{"href":"https:\/\/rangoextendido.shop\/es\/wp-json\/wp\/v2\/product"}],"about":[{"href":"https:\/\/rangoextendido.shop\/es\/wp-json\/wp\/v2\/types\/product"}],"replies":[{"embeddable":true,"href":"https:\/\/rangoextendido.shop\/es\/wp-json\/wp\/v2\/comments?post=1404"}],"wp:featuredmedia":[{"embeddable":true,"href":"https:\/\/rangoextendido.shop\/es\/wp-json\/wp\/v2\/media\/1589"}],"wp:attachment":[{"href":"https:\/\/rangoextendido.shop\/es\/wp-json\/wp\/v2\/media?parent=1404"}],"wp:term":[{"taxonomy":"product_brand","embeddable":true,"href":"https:\/\/rangoextendido.shop\/es\/wp-json\/wp\/v2\/product_brand?post=1404"},{"taxonomy":"product_cat","embeddable":true,"href":"https:\/\/rangoextendido.shop\/es\/wp-json\/wp\/v2\/product_cat?post=1404"},{"taxonomy":"product_tag","embeddable":true,"href":"https:\/\/rangoextendido.shop\/es\/wp-json\/wp\/v2\/product_tag?post=1404"}],"curies":[{"name":"wp","href":"https:\/\/api.w.org\/{rel}","templated":true}]}}