{"id":1409,"date":"2024-06-23T03:49:21","date_gmt":"2024-06-23T03:49:21","guid":{"rendered":"https:\/\/rangoextendido.shop\/?post_type=product&#038;p=1409"},"modified":"2026-03-24T22:15:18","modified_gmt":"2026-03-24T22:15:18","slug":"bonassi-metal-gloves-3mm","status":"publish","type":"product","link":"https:\/\/rangoextendido.shop\/es\/producto\/bonassi-metal-gloves-3mm\/","title":{"rendered":"Guantes met\u00e1licos Bonassi de 3 mm"},"content":{"rendered":"<div class=\"elementor-element elementor-element-3a70319 elementor-widget elementor-widget-jet-single-content\" data-id=\"3a70319\" data-element_type=\"widget\" data-widget_type=\"jet-single-content.default\">\n<div class=\"elementor-widget-container\">\n<div class=\"elementor-jet-single-content jet-woo-builder\">\n<div class=\"jet-single-content\">\n<div class=\"product\">\n<p>Guantes met\u00e1licos de 3 mm ideales para el buceo<\/p>\n<ul>\n<li>El guante met\u00e1lico es un guante ultraspan de 3 mm. Este tejido proporciona una gran elasticidad y comodidad, permitiendo una total libertad y uso de los dedos.<\/li>\n<li>La superficie de la palma est\u00e1 fabricada con revestimiento antideslizante y tejido resistente a los ara\u00f1azos.<\/li>\n<li>Ideal para bucear en aguas fr\u00edas, dadas sus elevadas caracter\u00edsticas t\u00e9rmicas.<\/li>\n<\/ul>\n<\/div>\n<\/div>\n<\/div>\n<\/div>\n<\/div>","protected":false},"excerpt":{"rendered":"<p>Guantes de metal de 3 mm ideales para el buceo El guante de metal es un guante ultraspan de 3 mm. Este tejido proporciona una gran elasticidad y comodidad, permitiendo una total libertad y uso de los dedos. La superficie de la palma est\u00e1 fabricada con un revestimiento antideslizante y un tejido resistente a los ara\u00f1azos. Ideal para el buceo en aguas fr\u00edas, dadas sus elevadas caracter\u00edsticas t\u00e9rmicas.<\/p>","protected":false},"featured_media":1583,"comment_status":"open","ping_status":"closed","template":"","meta":{"_themeisle_gutenberg_block_has_review":false},"product_brand":[231],"product_cat":[38],"product_tag":[89],"class_list":{"0":"post-1409","1":"product","2":"type-product","3":"status-publish","4":"has-post-thumbnail","6":"product_brand-bonassi","7":"product_cat-wetsuits","8":"product_tag-bonassi","10":"first","11":"instock","12":"taxable","13":"shipping-taxable","14":"purchasable","15":"product-type-variable"},"_links":{"self":[{"href":"https:\/\/rangoextendido.shop\/es\/wp-json\/wp\/v2\/product\/1409","targetHints":{"allow":["GET"]}}],"collection":[{"href":"https:\/\/rangoextendido.shop\/es\/wp-json\/wp\/v2\/product"}],"about":[{"href":"https:\/\/rangoextendido.shop\/es\/wp-json\/wp\/v2\/types\/product"}],"replies":[{"embeddable":true,"href":"https:\/\/rangoextendido.shop\/es\/wp-json\/wp\/v2\/comments?post=1409"}],"wp:featuredmedia":[{"embeddable":true,"href":"https:\/\/rangoextendido.shop\/es\/wp-json\/wp\/v2\/media\/1583"}],"wp:attachment":[{"href":"https:\/\/rangoextendido.shop\/es\/wp-json\/wp\/v2\/media?parent=1409"}],"wp:term":[{"taxonomy":"product_brand","embeddable":true,"href":"https:\/\/rangoextendido.shop\/es\/wp-json\/wp\/v2\/product_brand?post=1409"},{"taxonomy":"product_cat","embeddable":true,"href":"https:\/\/rangoextendido.shop\/es\/wp-json\/wp\/v2\/product_cat?post=1409"},{"taxonomy":"product_tag","embeddable":true,"href":"https:\/\/rangoextendido.shop\/es\/wp-json\/wp\/v2\/product_tag?post=1409"}],"curies":[{"name":"wp","href":"https:\/\/api.w.org\/{rel}","templated":true}]}}