{"id":1411,"date":"2024-06-23T03:57:00","date_gmt":"2024-06-23T03:57:00","guid":{"rendered":"https:\/\/rangoextendido.shop\/?post_type=product&#038;p=1411"},"modified":"2026-03-24T22:15:32","modified_gmt":"2026-03-24T22:15:32","slug":"maestro-5mm-boots","status":"publish","type":"product","link":"https:\/\/rangoextendido.shop\/es\/producto\/maestro-5mm-boots\/","title":{"rendered":"Botas Maestro 5mm"},"content":{"rendered":"<div class=\"elementor-element elementor-element-3a70319 elementor-widget elementor-widget-jet-single-content\" data-id=\"3a70319\" data-element_type=\"widget\" data-widget_type=\"jet-single-content.default\">\n<div class=\"elementor-widget-container\">\n<div class=\"elementor-jet-single-content jet-woo-builder\">\n<div class=\"jet-single-content\">\n<div class=\"product\">\n<p>Botines de neopreno para aletas ajustables.<\/p>\n<ul>\n<li>Bota de neopreno de 5 mm para aletas de tal\u00f3n abierto.<\/li>\n<li>Suela r\u00edgida antideslizante.<\/li>\n<li>Cremallera larga para una mayor comodidad de uso.<\/li>\n<li>Soporte en el tal\u00f3n dise\u00f1ado para las aletas.<\/li>\n<\/ul>\n<\/div>\n<\/div>\n<\/div>\n<\/div>\n<\/div>","protected":false},"excerpt":{"rendered":"<p>Botines de neopreno para aletas ajustables. Bot\u00edn de neopreno de 5 mm para aletas de tal\u00f3n abierto. Suela r\u00edgida antideslizante. Cremallera larga para una mayor comodidad de uso. Soporte en el tal\u00f3n dise\u00f1ado para las aletas.<\/p>","protected":false},"featured_media":1582,"comment_status":"open","ping_status":"closed","template":"","meta":{"_themeisle_gutenberg_block_has_review":false},"product_brand":[231],"product_cat":[38],"product_tag":[89],"class_list":{"0":"post-1411","1":"product","2":"type-product","3":"status-publish","4":"has-post-thumbnail","6":"product_brand-bonassi","7":"product_cat-wetsuits","8":"product_tag-bonassi","10":"first","11":"instock","12":"taxable","13":"shipping-taxable","14":"purchasable","15":"product-type-variable"},"_links":{"self":[{"href":"https:\/\/rangoextendido.shop\/es\/wp-json\/wp\/v2\/product\/1411","targetHints":{"allow":["GET"]}}],"collection":[{"href":"https:\/\/rangoextendido.shop\/es\/wp-json\/wp\/v2\/product"}],"about":[{"href":"https:\/\/rangoextendido.shop\/es\/wp-json\/wp\/v2\/types\/product"}],"replies":[{"embeddable":true,"href":"https:\/\/rangoextendido.shop\/es\/wp-json\/wp\/v2\/comments?post=1411"}],"wp:featuredmedia":[{"embeddable":true,"href":"https:\/\/rangoextendido.shop\/es\/wp-json\/wp\/v2\/media\/1582"}],"wp:attachment":[{"href":"https:\/\/rangoextendido.shop\/es\/wp-json\/wp\/v2\/media?parent=1411"}],"wp:term":[{"taxonomy":"product_brand","embeddable":true,"href":"https:\/\/rangoextendido.shop\/es\/wp-json\/wp\/v2\/product_brand?post=1411"},{"taxonomy":"product_cat","embeddable":true,"href":"https:\/\/rangoextendido.shop\/es\/wp-json\/wp\/v2\/product_cat?post=1411"},{"taxonomy":"product_tag","embeddable":true,"href":"https:\/\/rangoextendido.shop\/es\/wp-json\/wp\/v2\/product_tag?post=1411"}],"curies":[{"name":"wp","href":"https:\/\/api.w.org\/{rel}","templated":true}]}}