{"id":1440,"date":"2024-06-25T20:39:13","date_gmt":"2024-06-25T20:39:13","guid":{"rendered":"https:\/\/rangoextendido.shop\/?post_type=product&#038;p=1440"},"modified":"2026-03-24T00:59:18","modified_gmt":"2026-03-24T00:59:18","slug":"snapper-titanium-fins","status":"publish","type":"product","link":"https:\/\/rangoextendido.shop\/es\/producto\/snapper-titanium-fins\/","title":{"rendered":"Aletas Snapper Titanium"},"content":{"rendered":"<p>Aletas ajustables para buceo y snorkel que no requieren botas de neopreno.<\/p>\n<ul>\n<li>La aleta ajustable Bonassi Snapper es perfecta para el buceo recreativo y el snorkel. \u00a1No necesita llevar botas de neopreno!<\/li>\n<li>La cavidad para los pies se ha dise\u00f1ado para ofrecer la m\u00e1xima comodidad. La pala est\u00e1 fabricada con polipropileno de alta densidad y tiene una gran capacidad de respuesta.<\/li>\n<li>La patada es agradable y la aleta ofrece un buen rendimiento incluso nadando contra corriente.<\/li>\n<li>El pargo es una aleta extraordinariamente pr\u00e1ctica, ya que se adapta a todos los tama\u00f1os y formas de pies.<\/li>\n<li>Es la aleta perfecta para alquiler o uso diario y est\u00e1 dise\u00f1ada pensando en los operadores tur\u00edsticos y centros de buceo. La Snapper viene en 2 tama\u00f1os para facilitar las operaciones diarias.<\/li>\n<\/ul>","protected":false},"excerpt":{"rendered":"<p>Adjustable fins for diving and snorkeling that don\u2019t require neoprene boots. The Bonassi Snapper adjustable fin is perfect for recreational diving and snorkeling. You do not need to wear neoprene boots! The foot pocket has been designed to offer maximum comfort. The blade is constructed of high-density polypropylene and is very responsive. The kick is [&hellip;]<\/p>\n","protected":false},"featured_media":1450,"comment_status":"open","ping_status":"closed","template":"","meta":{"_themeisle_gutenberg_block_has_review":false},"product_brand":[231],"product_cat":[37],"product_tag":[89],"class_list":{"0":"post-1440","1":"product","2":"type-product","3":"status-publish","4":"has-post-thumbnail","6":"product_brand-bonassi","7":"product_cat-fins","8":"product_tag-bonassi","10":"first","11":"instock","12":"taxable","13":"shipping-taxable","14":"purchasable","15":"product-type-variable"},"_links":{"self":[{"href":"https:\/\/rangoextendido.shop\/es\/wp-json\/wp\/v2\/product\/1440","targetHints":{"allow":["GET"]}}],"collection":[{"href":"https:\/\/rangoextendido.shop\/es\/wp-json\/wp\/v2\/product"}],"about":[{"href":"https:\/\/rangoextendido.shop\/es\/wp-json\/wp\/v2\/types\/product"}],"replies":[{"embeddable":true,"href":"https:\/\/rangoextendido.shop\/es\/wp-json\/wp\/v2\/comments?post=1440"}],"wp:featuredmedia":[{"embeddable":true,"href":"https:\/\/rangoextendido.shop\/es\/wp-json\/wp\/v2\/media\/1450"}],"wp:attachment":[{"href":"https:\/\/rangoextendido.shop\/es\/wp-json\/wp\/v2\/media?parent=1440"}],"wp:term":[{"taxonomy":"product_brand","embeddable":true,"href":"https:\/\/rangoextendido.shop\/es\/wp-json\/wp\/v2\/product_brand?post=1440"},{"taxonomy":"product_cat","embeddable":true,"href":"https:\/\/rangoextendido.shop\/es\/wp-json\/wp\/v2\/product_cat?post=1440"},{"taxonomy":"product_tag","embeddable":true,"href":"https:\/\/rangoextendido.shop\/es\/wp-json\/wp\/v2\/product_tag?post=1440"}],"curies":[{"name":"wp","href":"https:\/\/api.w.org\/{rel}","templated":true}]}}