{"id":1524,"date":"2024-06-25T21:24:15","date_gmt":"2024-06-25T21:24:15","guid":{"rendered":"https:\/\/rangoextendido.shop\/?post_type=product&#038;p=1524"},"modified":"2026-03-24T19:53:08","modified_gmt":"2026-03-24T19:53:08","slug":"jupiter-diving-mask","status":"publish","type":"product","link":"https:\/\/rangoextendido.shop\/es\/producto\/jupiter-diving-mask\/","title":{"rendered":"M\u00e1scara de buceo J\u00fapiter"},"content":{"rendered":"<p>Silicone Diving Mask for Diving and Freediving.<\/p>\n<ul>\n<li>Adult-sized diving mask, 100% built on hypoallergenic silicone for an easy and comfortable fit on all face shapes.<\/li>\n<li>Fuerte y resistente, ideal para alquiler y uso intensivo, la m\u00e1scara favorita de los centros de submarinismo.<\/li>\n<li>It can be disassembled for repairs.<\/li>\n<li>Piezas de repuesto disponibles.<\/li>\n<li>Caja s\u00f3lida reutilizable incluida.<\/li>\n<li>Fabricado con pasi\u00f3n por Bonassi, una marca que comenz\u00f3 hace m\u00e1s de 40 a\u00f1os en Italia y se expandi\u00f3 a Am\u00e9rica en 2016.<\/li>\n<\/ul>","protected":false},"excerpt":{"rendered":"<p>Silicone Diving Mask for Diving and Freediving. Adult-sized diving mask, 100% built on hypoallergenic silicone for an easy and comfortable fit on all face shapes. Strong and resistant, ideal for rent and heavy usage, the favorite mask for scuba diving centers. It can be disassembled for repairs. Replacement parts available. Solid reusable box included. Made [&hellip;]<\/p>\n","protected":false},"featured_media":1530,"comment_status":"open","ping_status":"closed","template":"","meta":{"_themeisle_gutenberg_block_has_review":false},"product_brand":[231],"product_cat":[35],"product_tag":[89],"class_list":{"0":"post-1524","1":"product","2":"type-product","3":"status-publish","4":"has-post-thumbnail","6":"product_brand-bonassi","7":"product_cat-mask","8":"product_tag-bonassi","10":"first","11":"outofstock","12":"taxable","13":"shipping-taxable","14":"purchasable","15":"product-type-simple"},"_links":{"self":[{"href":"https:\/\/rangoextendido.shop\/es\/wp-json\/wp\/v2\/product\/1524","targetHints":{"allow":["GET"]}}],"collection":[{"href":"https:\/\/rangoextendido.shop\/es\/wp-json\/wp\/v2\/product"}],"about":[{"href":"https:\/\/rangoextendido.shop\/es\/wp-json\/wp\/v2\/types\/product"}],"replies":[{"embeddable":true,"href":"https:\/\/rangoextendido.shop\/es\/wp-json\/wp\/v2\/comments?post=1524"}],"wp:featuredmedia":[{"embeddable":true,"href":"https:\/\/rangoextendido.shop\/es\/wp-json\/wp\/v2\/media\/1530"}],"wp:attachment":[{"href":"https:\/\/rangoextendido.shop\/es\/wp-json\/wp\/v2\/media?parent=1524"}],"wp:term":[{"taxonomy":"product_brand","embeddable":true,"href":"https:\/\/rangoextendido.shop\/es\/wp-json\/wp\/v2\/product_brand?post=1524"},{"taxonomy":"product_cat","embeddable":true,"href":"https:\/\/rangoextendido.shop\/es\/wp-json\/wp\/v2\/product_cat?post=1524"},{"taxonomy":"product_tag","embeddable":true,"href":"https:\/\/rangoextendido.shop\/es\/wp-json\/wp\/v2\/product_tag?post=1524"}],"curies":[{"name":"wp","href":"https:\/\/api.w.org\/{rel}","templated":true}]}}