{"id":1796,"date":"2024-06-27T05:52:13","date_gmt":"2024-06-27T05:52:13","guid":{"rendered":"https:\/\/rangoextendido.shop\/?post_type=product&#038;p=1796"},"modified":"2026-03-24T22:15:24","modified_gmt":"2026-03-24T22:15:24","slug":"draco-1mm-rash-guard","status":"publish","type":"product","link":"https:\/\/rangoextendido.shop\/es\/producto\/draco-1mm-rash-guard\/","title":{"rendered":"Lycra Draco 1mm"},"content":{"rendered":"<div class=\"elementor-element elementor-element-3a70319 elementor-widget elementor-widget-jet-single-content\" data-id=\"3a70319\" data-element_type=\"widget\" data-widget_type=\"jet-single-content.default\">\n<div class=\"elementor-widget-container\">\n<div class=\"elementor-jet-single-content jet-woo-builder\">\n<div class=\"jet-single-content\">\n<div class=\"product\">\n<p>Parte superior en neopreno de 1 mm y licra (s\u00f3lo la parte superior)<\/p>\n<ul>\n<li>La lycra Draco est\u00e1 dise\u00f1ada para los amantes de la pesca submarina. Es ideal para aguas c\u00e1lidas.<\/li>\n<li>Las zonas del pecho y la espalda est\u00e1n fabricadas en neopreno de 1 mm para una mayor protecci\u00f3n t\u00e9rmica.<\/li>\n<li>Capucha y mangas de licra.<\/li>\n<li>El Draco tambi\u00e9n se puede llevar debajo de un traje de neopreno para mayor calidez y protecci\u00f3n.<\/li>\n<li>La doble almohadilla de neopreno para el pecho ayuda a cargar el fusil.<\/li>\n<\/ul>\n<\/div>\n<\/div>\n<\/div>\n<\/div>\n<\/div>","protected":false},"excerpt":{"rendered":"<p>Upper part on 1mm neoprene and Lycra (Upper part only) The Draco rashguard is designed for spearfishing lovers. It is ideal for warm waters. The chest and back areas and made of 1mm neoprene for greater thermal protection. Lycra hood and sleeves. The Draco can also be worn under a wetsuit for extra warmth and [&hellip;]<\/p>\n","protected":false},"featured_media":1828,"comment_status":"open","ping_status":"closed","template":"","meta":{"_themeisle_gutenberg_block_has_review":false},"product_brand":[231],"product_cat":[38],"product_tag":[89],"class_list":{"0":"post-1796","1":"product","2":"type-product","3":"status-publish","4":"has-post-thumbnail","6":"product_brand-bonassi","7":"product_cat-wetsuits","8":"product_tag-bonassi","10":"first","11":"instock","12":"taxable","13":"shipping-taxable","14":"purchasable","15":"product-type-variable"},"_links":{"self":[{"href":"https:\/\/rangoextendido.shop\/es\/wp-json\/wp\/v2\/product\/1796","targetHints":{"allow":["GET"]}}],"collection":[{"href":"https:\/\/rangoextendido.shop\/es\/wp-json\/wp\/v2\/product"}],"about":[{"href":"https:\/\/rangoextendido.shop\/es\/wp-json\/wp\/v2\/types\/product"}],"replies":[{"embeddable":true,"href":"https:\/\/rangoextendido.shop\/es\/wp-json\/wp\/v2\/comments?post=1796"}],"wp:featuredmedia":[{"embeddable":true,"href":"https:\/\/rangoextendido.shop\/es\/wp-json\/wp\/v2\/media\/1828"}],"wp:attachment":[{"href":"https:\/\/rangoextendido.shop\/es\/wp-json\/wp\/v2\/media?parent=1796"}],"wp:term":[{"taxonomy":"product_brand","embeddable":true,"href":"https:\/\/rangoextendido.shop\/es\/wp-json\/wp\/v2\/product_brand?post=1796"},{"taxonomy":"product_cat","embeddable":true,"href":"https:\/\/rangoextendido.shop\/es\/wp-json\/wp\/v2\/product_cat?post=1796"},{"taxonomy":"product_tag","embeddable":true,"href":"https:\/\/rangoextendido.shop\/es\/wp-json\/wp\/v2\/product_tag?post=1796"}],"curies":[{"name":"wp","href":"https:\/\/api.w.org\/{rel}","templated":true}]}}