{"id":1802,"date":"2024-06-27T06:02:15","date_gmt":"2024-06-27T06:02:15","guid":{"rendered":"https:\/\/rangoextendido.shop\/?post_type=product&#038;p=1802"},"modified":"2026-03-24T22:15:24","modified_gmt":"2026-03-24T22:15:24","slug":"draco-spearfishing-bottom-1mm","status":"publish","type":"product","link":"https:\/\/rangoextendido.shop\/es\/producto\/draco-spearfishing-bottom-1mm\/","title":{"rendered":"Pantal\u00f3n Draco Pesca Submarina 1mm"},"content":{"rendered":"<div class=\"elementor-element elementor-element-3a70319 elementor-widget elementor-widget-jet-single-content\" data-id=\"3a70319\" data-element_type=\"widget\" data-widget_type=\"jet-single-content.default\">\n<div class=\"elementor-widget-container\">\n<div class=\"elementor-jet-single-content jet-woo-builder\">\n<div class=\"jet-single-content\">\n<div class=\"product\">\n<p>Parte inferior de Lycra<\/p>\n<ul>\n<li>Dise\u00f1ado especialmente para los aficionados a la pesca submarina en aguas c\u00e1lidas,<\/li>\n<li>Adecuado para utilizar debajo de un traje de neopreno para proporcionar calor y protecci\u00f3n adicional.<\/li>\n<\/ul>\n<\/div>\n<\/div>\n<\/div>\n<\/div>\n<\/div>","protected":false},"excerpt":{"rendered":"<p>Lycra Spearfishing Bottom (s\u00f3lo la parte inferior) Dise\u00f1ado especialmente para los aficionados a la pesca submarina en aguas c\u00e1lidas, Apto para ser usado debajo de un traje de neopreno para proporcionar calor y protecci\u00f3n extra.<\/p>","protected":false},"featured_media":1813,"comment_status":"open","ping_status":"closed","template":"","meta":{"_themeisle_gutenberg_block_has_review":false},"product_brand":[231],"product_cat":[38],"product_tag":[89],"class_list":{"0":"post-1802","1":"product","2":"type-product","3":"status-publish","4":"has-post-thumbnail","6":"product_brand-bonassi","7":"product_cat-wetsuits","8":"product_tag-bonassi","10":"first","11":"instock","12":"taxable","13":"shipping-taxable","14":"purchasable","15":"product-type-variable"},"_links":{"self":[{"href":"https:\/\/rangoextendido.shop\/es\/wp-json\/wp\/v2\/product\/1802","targetHints":{"allow":["GET"]}}],"collection":[{"href":"https:\/\/rangoextendido.shop\/es\/wp-json\/wp\/v2\/product"}],"about":[{"href":"https:\/\/rangoextendido.shop\/es\/wp-json\/wp\/v2\/types\/product"}],"replies":[{"embeddable":true,"href":"https:\/\/rangoextendido.shop\/es\/wp-json\/wp\/v2\/comments?post=1802"}],"wp:featuredmedia":[{"embeddable":true,"href":"https:\/\/rangoextendido.shop\/es\/wp-json\/wp\/v2\/media\/1813"}],"wp:attachment":[{"href":"https:\/\/rangoextendido.shop\/es\/wp-json\/wp\/v2\/media?parent=1802"}],"wp:term":[{"taxonomy":"product_brand","embeddable":true,"href":"https:\/\/rangoextendido.shop\/es\/wp-json\/wp\/v2\/product_brand?post=1802"},{"taxonomy":"product_cat","embeddable":true,"href":"https:\/\/rangoextendido.shop\/es\/wp-json\/wp\/v2\/product_cat?post=1802"},{"taxonomy":"product_tag","embeddable":true,"href":"https:\/\/rangoextendido.shop\/es\/wp-json\/wp\/v2\/product_tag?post=1802"}],"curies":[{"name":"wp","href":"https:\/\/api.w.org\/{rel}","templated":true}]}}