{"id":2091,"date":"2024-11-12T21:54:23","date_gmt":"2024-11-12T21:54:23","guid":{"rendered":"https:\/\/rangoextendido.shop\/?post_type=product&#038;p=2091"},"modified":"2026-03-24T00:59:14","modified_gmt":"2026-03-24T00:59:14","slug":"peregrine-dive-computer","status":"publish","type":"product","link":"https:\/\/rangoextendido.shop\/es\/producto\/peregrine-dive-computer\/","title":{"rendered":"Ordenador de buceo Peregrine"},"content":{"rendered":"<div id=\"accordion--full_features--content\" class=\"accordion__content js-accordion__content is-open\" role=\"region\" aria-labelledby=\"accordion-full_features--button\">\n<div class=\"metafield-rich_text_field\">\n<p>El Peregrine es un ordenador de buceo multigas sencillo y de f\u00e1cil acceso, a todo color. La gran pantalla y la funcionalidad de 2 botones facilitan la navegaci\u00f3n y lo convierten en un compa\u00f1ero ideal para los buceadores deportivos.<\/p>\n<p>Dise\u00f1ado y construido en Canad\u00e1, alcanza una profundidad m\u00e1xima de 120 metros.<\/p>\n<p><strong>Modos<\/strong><\/p>\n<ul>\n<li>Aire<\/li>\n<li>Nitrox<\/li>\n<li>3 Gas Nitrox<\/li>\n<li>Calibre<\/li>\n<\/ul>\n<p><strong>Caracter\u00edsticas <\/strong><\/p>\n<ul>\n<li>Computadora de descompresi\u00f3n<\/li>\n<li>Tecnolog\u00eda inal\u00e1mbrica Bluetooth<\/li>\n<li>Alertas por vibraci\u00f3n<\/li>\n<li>Firmware actualizable<\/li>\n<li>Correa de silicona de 26 mm con cierre de acero inoxidable<\/li>\n<li>Funda de pol\u00edmero de nylon bal\u00edstico<\/li>\n<\/ul>\n<p><strong>Especificaciones t\u00e9cnicas<\/strong><\/p>\n<ul>\n<li>Resoluci\u00f3n de pantalla: 320 x 240 QVGA<\/li>\n<li>Tipo de pantalla: LCD a todo color<\/li>\n<li>Tama\u00f1o de la pantalla: 5,59 cm \/ 2.2 in.<\/li>\n<li>Tipo de bater\u00eda: Bater\u00eda recargable de iones de litio (sustituible en f\u00e1brica)<\/li>\n<li>Duraci\u00f3n de la bater\u00eda: hasta 30 horas (brillo medio)<\/li>\n<li>Estaci\u00f3n de carga inal\u00e1mbrica<\/li>\n<li>N\u00famero de gases: 3 OC<\/li>\n<li>Profundidad: 120m \/ 394ft<\/li>\n<li>Capacidad del registro de inmersiones (tasa de 10 segundos): 200 horas o 96 entradas de inmersi\u00f3n<\/li>\n<li>Tama\u00f1o (ordenador de buceo): 77mm x 68mm x 25mm<\/li>\n<li>Peso (ordenador de buceo): 122g<\/li>\n<li>Correa negra: Incluida<\/li>\n<li>Cuerda de choque: Incluido<\/li>\n<\/ul>\n<\/div>\n<\/div>","protected":false},"excerpt":{"rendered":"<p>El Peregrine es un ordenador de buceo multigas sencillo y de f\u00e1cil acceso, a todo color. La gran pantalla y la funcionalidad de 2 botones facilitan la navegaci\u00f3n y lo convierten en un compa\u00f1ero ideal para los buceadores deportivos.<\/p>","protected":false},"featured_media":2098,"comment_status":"open","ping_status":"closed","template":"","meta":{"_themeisle_gutenberg_block_has_review":false},"product_brand":[234],"product_cat":[40],"product_tag":[155],"class_list":{"0":"post-2091","1":"product","2":"type-product","3":"status-publish","4":"has-post-thumbnail","6":"product_brand-shearwater","7":"product_cat-computers","8":"product_tag-shearwater","10":"first","11":"outofstock","12":"featured","13":"taxable","14":"shipping-taxable","15":"purchasable","16":"product-type-variable"},"_links":{"self":[{"href":"https:\/\/rangoextendido.shop\/es\/wp-json\/wp\/v2\/product\/2091","targetHints":{"allow":["GET"]}}],"collection":[{"href":"https:\/\/rangoextendido.shop\/es\/wp-json\/wp\/v2\/product"}],"about":[{"href":"https:\/\/rangoextendido.shop\/es\/wp-json\/wp\/v2\/types\/product"}],"replies":[{"embeddable":true,"href":"https:\/\/rangoextendido.shop\/es\/wp-json\/wp\/v2\/comments?post=2091"}],"wp:featuredmedia":[{"embeddable":true,"href":"https:\/\/rangoextendido.shop\/es\/wp-json\/wp\/v2\/media\/2098"}],"wp:attachment":[{"href":"https:\/\/rangoextendido.shop\/es\/wp-json\/wp\/v2\/media?parent=2091"}],"wp:term":[{"taxonomy":"product_brand","embeddable":true,"href":"https:\/\/rangoextendido.shop\/es\/wp-json\/wp\/v2\/product_brand?post=2091"},{"taxonomy":"product_cat","embeddable":true,"href":"https:\/\/rangoextendido.shop\/es\/wp-json\/wp\/v2\/product_cat?post=2091"},{"taxonomy":"product_tag","embeddable":true,"href":"https:\/\/rangoextendido.shop\/es\/wp-json\/wp\/v2\/product_tag?post=2091"}],"curies":[{"name":"wp","href":"https:\/\/api.w.org\/{rel}","templated":true}]}}