{"id":2104,"date":"2024-07-08T22:29:30","date_gmt":"2024-07-08T22:29:30","guid":{"rendered":"https:\/\/rangoextendido.shop\/?post_type=product&#038;p=2104"},"modified":"2026-03-24T00:59:14","modified_gmt":"2026-03-24T00:59:14","slug":"teric-dive-computer","status":"publish","type":"product","link":"https:\/\/rangoextendido.shop\/es\/producto\/teric-dive-computer\/","title":{"rendered":"Ordenador de buceo Teric"},"content":{"rendered":"<div class=\"product__description\">\n<p>l TERIC es un ordenador estilo reloj a todo color que incorpora una pantalla AMOLED de alta resoluci\u00f3n, controles intuitivos y navegaci\u00f3n por men\u00fas junto con una pantalla de colores vivos y brillantes. Con un alto grado de personalizaci\u00f3n, el Teric ofrece a los submarinistas un reloj y un ordenador de buceo de capacidades sin precedentes.<\/p>\n<p>Dispone de 5 modos de inmersi\u00f3n, incluido OC Technical para su uso durante actividades de buceo t\u00e9cnico, incluida la descompresi\u00f3n planificada. Admite Trimix Completo y Sin Paradas de Seguridad. CC\/BO est\u00e1 dise\u00f1ado para su uso con un rebreather de circuito cerrado.<\/p>\n<p>Dise\u00f1ado y construido en Canad\u00e1 y clasificado para profundidades de hasta 200 metros.<\/p>\n<\/div>\n<div class=\"product-highlights\">\n<p><strong>Modos<\/strong><\/p>\n<ul>\n<li>OC REC: Nitrox a 99%<\/li>\n<li>OC TEC: Trimix habilitado<\/li>\n<li>CC\/BO: PPO2 fija<\/li>\n<li>Man\u00f3metro: Cron\u00f3metro de fondo con cron\u00f3metro y registro de inmersiones<\/li>\n<li>Apnea: Frecuencias de muestreo y alarmas configurables<\/li>\n<\/ul>\n<p>&nbsp;<\/p>\n<p><strong>Caracter\u00edsticas <\/strong><\/p>\n<ul>\n<li>Computadora de descompresi\u00f3n<\/li>\n<li>Aire integrado<\/li>\n<li>Hasta 4 transmisores<\/li>\n<li>Br\u00fajula digital de 3 ejes con inclinaci\u00f3n compensada<\/li>\n<li>Tecnolog\u00eda inal\u00e1mbrica Bluetooth<\/li>\n<li>Alertas sonoras y por vibraci\u00f3n conmutables<\/li>\n<li>Firmware actualizable<\/li>\n<li>Bisel y botones de acero inoxidable 316<\/li>\n<li>Tama\u00f1o de la correa de 22 mm (extensor incluido)<\/li>\n<li>Funda de pol\u00edmero de nylon bal\u00edstico<\/li>\n<\/ul>\n<p><strong>Especificaciones t\u00e9cnicas<\/strong><\/p>\n<ul>\n<li>Resoluci\u00f3n de pantalla: 400 x 400<\/li>\n<li>Tipo de pantalla: AMOLED a todo color<\/li>\n<li>Tama\u00f1o de la pantalla: 3,53 cm \/ 1,39\u2033.<\/li>\n<li>Ventana de zafiro<\/li>\n<li>Tipo de bater\u00eda: Bater\u00eda recargable de iones de litio (sustituible en f\u00e1brica)<\/li>\n<li>Duraci\u00f3n de la pila: hasta 30 horas (modo inmersi\u00f3n), hasta 50 horas (modo reloj)<\/li>\n<li>Estaci\u00f3n de carga inal\u00e1mbrica<\/li>\n<li>N\u00famero de gases: 5 OC \/ 5 CC<\/li>\n<li>Profundidad nominal: 200 m \/ 660 pies<\/li>\n<li>Capacidad del registro de inmersiones (tasa de 10 segundos): 500 horas<\/li>\n<\/ul>\n<p><strong>Dimensiones<\/strong><\/p>\n<ul>\n<li>Tama\u00f1o (ordenador de buceo): 54,5 mm x 53,5 mm<\/li>\n<li>Grosor (ordenador de buceo) 17,5 mm<\/li>\n<li>Peso (ordenador de buceo) 120.4g<\/li>\n<\/ul>\n<\/div>","protected":false},"excerpt":{"rendered":"<p>El TERIC es un ordenador estilo reloj a todo color que incorpora una pantalla AMOLED de alta resoluci\u00f3n, controles intuitivos y navegaci\u00f3n por men\u00fas junto con una pantalla de colores vivos y brillantes. Con un alto grado de personalizaci\u00f3n, el Teric ofrece a los submarinistas un reloj y ordenador de buceo de capacidades sin precedentes.<\/p>","protected":false},"featured_media":2115,"comment_status":"open","ping_status":"closed","template":"","meta":{"_themeisle_gutenberg_block_has_review":false},"product_brand":[234],"product_cat":[40],"product_tag":[155],"class_list":{"0":"post-2104","1":"product","2":"type-product","3":"status-publish","4":"has-post-thumbnail","6":"product_brand-shearwater","7":"product_cat-computers","8":"product_tag-shearwater","10":"first","11":"instock","12":"featured","13":"taxable","14":"shipping-taxable","15":"purchasable","16":"product-type-variable"},"_links":{"self":[{"href":"https:\/\/rangoextendido.shop\/es\/wp-json\/wp\/v2\/product\/2104","targetHints":{"allow":["GET"]}}],"collection":[{"href":"https:\/\/rangoextendido.shop\/es\/wp-json\/wp\/v2\/product"}],"about":[{"href":"https:\/\/rangoextendido.shop\/es\/wp-json\/wp\/v2\/types\/product"}],"replies":[{"embeddable":true,"href":"https:\/\/rangoextendido.shop\/es\/wp-json\/wp\/v2\/comments?post=2104"}],"wp:featuredmedia":[{"embeddable":true,"href":"https:\/\/rangoextendido.shop\/es\/wp-json\/wp\/v2\/media\/2115"}],"wp:attachment":[{"href":"https:\/\/rangoextendido.shop\/es\/wp-json\/wp\/v2\/media?parent=2104"}],"wp:term":[{"taxonomy":"product_brand","embeddable":true,"href":"https:\/\/rangoextendido.shop\/es\/wp-json\/wp\/v2\/product_brand?post=2104"},{"taxonomy":"product_cat","embeddable":true,"href":"https:\/\/rangoextendido.shop\/es\/wp-json\/wp\/v2\/product_cat?post=2104"},{"taxonomy":"product_tag","embeddable":true,"href":"https:\/\/rangoextendido.shop\/es\/wp-json\/wp\/v2\/product_tag?post=2104"}],"curies":[{"name":"wp","href":"https:\/\/api.w.org\/{rel}","templated":true}]}}