{"id":216,"date":"2024-11-05T04:05:54","date_gmt":"2024-11-05T04:05:54","guid":{"rendered":"https:\/\/rangoextendido.shop\/?post_type=product&#038;p=216"},"modified":"2026-03-24T01:00:43","modified_gmt":"2026-03-24T01:00:43","slug":"xt-fins","status":"publish","type":"product","link":"https:\/\/rangoextendido.shop\/es\/producto\/xt-fins\/","title":{"rendered":"Aletas XT"},"content":{"rendered":"<div class=\"woocommerce-product-details__short-description\">\n<p>La mezcla de monopreno de la XT ofrece el mejor equilibrio entre potencia y trabajo, proporcionando un aleteo eficaz en corrientes de gran caudal o r\u00edgidas. La forma de la pala est\u00e1 dise\u00f1ada para una amplia variedad de patadas, incluyendo patadas de rana, patadas de aleteo modificadas y patadas de potencia. Son r\u00edgidas pero con mucho agarre y son m\u00e1s ligeras que las aletas de goma tradicionales, lo que significa que sus piernas y pies no sufrir\u00e1n calambres incluso despu\u00e9s de kil\u00f3metros nadando.<\/p>\n<\/div>","protected":false},"excerpt":{"rendered":"<p>La mejor elecci\u00f3n para los submarinistas que buscan una aleta de pala de alto rendimiento. La aleta XT tiene una nueva hebilla giratoria de POM que permite pon\u00e9rsela y ajustarla m\u00e1s f\u00e1cilmente.<\/p>","protected":false},"featured_media":3046,"comment_status":"open","ping_status":"closed","template":"","meta":{"_themeisle_gutenberg_block_has_review":false},"product_brand":[227],"product_cat":[37],"product_tag":[58],"class_list":{"0":"post-216","1":"product","2":"type-product","3":"status-publish","4":"has-post-thumbnail","6":"product_brand-dive-rite","7":"product_cat-fins","8":"product_tag-dive-rite","10":"first","11":"instock","12":"featured","13":"taxable","14":"shipping-taxable","15":"purchasable","16":"product-type-variable","17":"has-default-attributes"},"_links":{"self":[{"href":"https:\/\/rangoextendido.shop\/es\/wp-json\/wp\/v2\/product\/216","targetHints":{"allow":["GET"]}}],"collection":[{"href":"https:\/\/rangoextendido.shop\/es\/wp-json\/wp\/v2\/product"}],"about":[{"href":"https:\/\/rangoextendido.shop\/es\/wp-json\/wp\/v2\/types\/product"}],"replies":[{"embeddable":true,"href":"https:\/\/rangoextendido.shop\/es\/wp-json\/wp\/v2\/comments?post=216"}],"wp:featuredmedia":[{"embeddable":true,"href":"https:\/\/rangoextendido.shop\/es\/wp-json\/wp\/v2\/media\/3046"}],"wp:attachment":[{"href":"https:\/\/rangoextendido.shop\/es\/wp-json\/wp\/v2\/media?parent=216"}],"wp:term":[{"taxonomy":"product_brand","embeddable":true,"href":"https:\/\/rangoextendido.shop\/es\/wp-json\/wp\/v2\/product_brand?post=216"},{"taxonomy":"product_cat","embeddable":true,"href":"https:\/\/rangoextendido.shop\/es\/wp-json\/wp\/v2\/product_cat?post=216"},{"taxonomy":"product_tag","embeddable":true,"href":"https:\/\/rangoextendido.shop\/es\/wp-json\/wp\/v2\/product_tag?post=216"}],"curies":[{"name":"wp","href":"https:\/\/api.w.org\/{rel}","templated":true}]}}