{"id":2710,"date":"2024-09-02T20:38:18","date_gmt":"2024-09-02T20:38:18","guid":{"rendered":"https:\/\/rangoextendido.shop\/?post_type=product&#038;p=2710"},"modified":"2026-03-24T00:59:58","modified_gmt":"2026-03-24T00:59:58","slug":"shearwater-perdix-2","status":"publish","type":"product","link":"https:\/\/rangoextendido.shop\/es\/producto\/shearwater-perdix-2\/","title":{"rendered":"Shearwater Perdix 2 Ti Dive Computer"},"content":{"rendered":"<p>El PERDIX 2 es el ordenador de tama\u00f1o completo m\u00e1s resistente y fiable hasta la fecha. La carcasa blindada con bisel envolvente de titanio de precisi\u00f3n y los fiables botones t\u00e1ctiles piezoel\u00e9ctricos de titanio protegen la electr\u00f3nica de alto rendimiento.<\/p>\n<p>Una lente de cristal de aluminosilicato protege una fant\u00e1stica pantalla brillante de 2,2\u2033 y ofrece una mayor claridad y resistencia a impactos y da\u00f1os. Un sistema de alerta personalizable con fuertes vibraciones llama la atenci\u00f3n en los momentos cr\u00edticos de la inmersi\u00f3n.<\/p>\n<p>La integraci\u00f3n en el aire con hasta cuatro transmisores Shearwater permite pasar de un primer ordenador a una potente y probada soluci\u00f3n de buceo t\u00e9cnico avanzado. Para ello se utiliza la pila AA intercambiable por el usuario, f\u00e1cil de encontrar y de confianza, y el conocido factor de forma compacto y ergon\u00f3mico.<\/p>","protected":false},"excerpt":{"rendered":"<p>The PERDIX 2 is toughest and most reliable full-size computer yet. The armoured casing with precision titanium surround bezel and dependable titanium piezo touch buttons protect performance-enhanced electronics. An aluminosilicate glass lens guards a fantastic 2.2&#8243; bright screen and offers improved clarity, impact, and damage resistance. A strong vibration customizable alert system draws attention at [&hellip;]<\/p>\n","protected":false},"featured_media":2725,"comment_status":"open","ping_status":"closed","template":"","meta":{"_themeisle_gutenberg_block_has_review":false},"product_brand":[234],"product_cat":[40],"product_tag":[155],"class_list":{"0":"post-2710","1":"product","2":"type-product","3":"status-publish","4":"has-post-thumbnail","6":"product_brand-shearwater","7":"product_cat-computers","8":"product_tag-shearwater","10":"first","11":"instock","12":"featured","13":"taxable","14":"shipping-taxable","15":"purchasable","16":"product-type-variable","17":"has-default-attributes"},"_links":{"self":[{"href":"https:\/\/rangoextendido.shop\/es\/wp-json\/wp\/v2\/product\/2710","targetHints":{"allow":["GET"]}}],"collection":[{"href":"https:\/\/rangoextendido.shop\/es\/wp-json\/wp\/v2\/product"}],"about":[{"href":"https:\/\/rangoextendido.shop\/es\/wp-json\/wp\/v2\/types\/product"}],"replies":[{"embeddable":true,"href":"https:\/\/rangoextendido.shop\/es\/wp-json\/wp\/v2\/comments?post=2710"}],"wp:featuredmedia":[{"embeddable":true,"href":"https:\/\/rangoextendido.shop\/es\/wp-json\/wp\/v2\/media\/2725"}],"wp:attachment":[{"href":"https:\/\/rangoextendido.shop\/es\/wp-json\/wp\/v2\/media?parent=2710"}],"wp:term":[{"taxonomy":"product_brand","embeddable":true,"href":"https:\/\/rangoextendido.shop\/es\/wp-json\/wp\/v2\/product_brand?post=2710"},{"taxonomy":"product_cat","embeddable":true,"href":"https:\/\/rangoextendido.shop\/es\/wp-json\/wp\/v2\/product_cat?post=2710"},{"taxonomy":"product_tag","embeddable":true,"href":"https:\/\/rangoextendido.shop\/es\/wp-json\/wp\/v2\/product_tag?post=2710"}],"curies":[{"name":"wp","href":"https:\/\/api.w.org\/{rel}","templated":true}]}}