{"id":2728,"date":"2024-11-02T21:18:20","date_gmt":"2024-11-02T21:18:20","guid":{"rendered":"https:\/\/rangoextendido.shop\/?post_type=product&#038;p=2728"},"modified":"2026-03-24T00:59:58","modified_gmt":"2026-03-24T00:59:58","slug":"teric-dive-computer-2","status":"publish","type":"product","link":"https:\/\/rangoextendido.shop\/es\/producto\/teric-dive-computer-2\/","title":{"rendered":"Ordenador de buceo Teric"},"content":{"rendered":"<p>La Teric tiene una pantalla AMOLED de 3,53 cm con negros profundos y colores vivos. El submarinista puede elegir los distintos niveles de brillo pulsando el bot\u00f3n Light. Est\u00e1 construido con cristal de zafiro azul y bisel y botones de acero inoxidable 316.<\/p>\n<p>El buceador puede navegar f\u00e1cilmente y personalizar la informaci\u00f3n de buceo que aparece en la pantalla de inicio. Dispone de diferentes esferas de reloj y 15 opciones de color para adaptarse a su estilo y a las ocasiones.<\/p>\n<p>La Teric est\u00e1 integrada en el aire y puede conectar hasta 4 transmisores.<br \/>\n- Tipo de pila : Litio 3V CR2 (reemplazable por el usuario)<br \/>\n- Duraci\u00f3n de las pilas : Alrededor de 300 horas<br \/>\n- Clasificaci\u00f3n de profundidad: 152m<\/p>\n<p>Hay dos tipos de dise\u00f1os, Est\u00e1ndar o Grande, que el submarinista puede elegir seg\u00fan la cantidad de informaci\u00f3n y el tama\u00f1o de caracteres que prefiera. La informaci\u00f3n importante, como las paradas de seguridad, la presi\u00f3n del aire de la botella, el tipo de gases, la br\u00fajula digital, la hora de superficie, el GTR, la temperatura y otros datos, puede consultarse f\u00e1cilmente pulsando el bot\u00f3n de informaci\u00f3n. La informaci\u00f3n NDL siempre estar\u00e1 visible en la pantalla de inicio.<\/p>\n<p>Bluetooth y carga inal\u00e1mbrica con cable USB (el cable se incluye con el cargador inal\u00e1mbrico)<\/p>\n<p>En el men\u00fa Registro de inmersiones, el submarinista puede ver r\u00e1pidamente gr\u00e1ficos detallados e informaci\u00f3n de la inmersi\u00f3n, como la lista del registro de inmersiones, los cambios de temperatura del agua, la profundidad, la hora de inicio y de finalizaci\u00f3n, los datos de presi\u00f3n atmosf\u00e9rica, el consumo de aire, el tiempo de intervalo en superficie y mucho m\u00e1s, todo f\u00e1cilmente al alcance de la mano del submarinista.<\/p>\n<p>La Teric dispone de un planificador NDL y un planificador DECO que los submarinistas pueden utilizar para planificar sus inmersiones. El algoritmo de descompresi\u00f3n que utiliza la Shearwater es el algoritmo B\u00bchlmann GF.<\/p>","protected":false},"excerpt":{"rendered":"<p>Experimente la brillantez del ordenador de buceo Shearwater Teric, que cuenta con una impresionante pantalla de 1,39\u2033 que lleva sus visuales submarinos a nuevas profundidades. Dise\u00f1ada para cautivar, esta pantalla ofrece negros profundos y colores vivos que dan vida a sus datos de inmersi\u00f3n como nunca antes.<\/p>","protected":false},"featured_media":2740,"comment_status":"open","ping_status":"closed","template":"","meta":{"_themeisle_gutenberg_block_has_review":false},"product_brand":[234],"product_cat":[40],"product_tag":[155],"class_list":{"0":"post-2728","1":"product","2":"type-product","3":"status-publish","4":"has-post-thumbnail","6":"product_brand-shearwater","7":"product_cat-computers","8":"product_tag-shearwater","10":"first","11":"instock","12":"featured","13":"taxable","14":"shipping-taxable","15":"purchasable","16":"product-type-variable"},"_links":{"self":[{"href":"https:\/\/rangoextendido.shop\/es\/wp-json\/wp\/v2\/product\/2728","targetHints":{"allow":["GET"]}}],"collection":[{"href":"https:\/\/rangoextendido.shop\/es\/wp-json\/wp\/v2\/product"}],"about":[{"href":"https:\/\/rangoextendido.shop\/es\/wp-json\/wp\/v2\/types\/product"}],"replies":[{"embeddable":true,"href":"https:\/\/rangoextendido.shop\/es\/wp-json\/wp\/v2\/comments?post=2728"}],"wp:featuredmedia":[{"embeddable":true,"href":"https:\/\/rangoextendido.shop\/es\/wp-json\/wp\/v2\/media\/2740"}],"wp:attachment":[{"href":"https:\/\/rangoextendido.shop\/es\/wp-json\/wp\/v2\/media?parent=2728"}],"wp:term":[{"taxonomy":"product_brand","embeddable":true,"href":"https:\/\/rangoextendido.shop\/es\/wp-json\/wp\/v2\/product_brand?post=2728"},{"taxonomy":"product_cat","embeddable":true,"href":"https:\/\/rangoextendido.shop\/es\/wp-json\/wp\/v2\/product_cat?post=2728"},{"taxonomy":"product_tag","embeddable":true,"href":"https:\/\/rangoextendido.shop\/es\/wp-json\/wp\/v2\/product_tag?post=2728"}],"curies":[{"name":"wp","href":"https:\/\/api.w.org\/{rel}","templated":true}]}}