{"id":2785,"date":"2024-09-09T23:31:50","date_gmt":"2024-09-09T23:31:50","guid":{"rendered":"https:\/\/rangoextendido.shop\/?post_type=product&#038;p=2785"},"modified":"2026-03-23T23:43:43","modified_gmt":"2026-03-23T23:43:43","slug":"tern-wrist-dive-computer","status":"publish","type":"product","link":"https:\/\/rangoextendido.shop\/es\/producto\/tern-wrist-dive-computer\/","title":{"rendered":"Ordenador de buceo de mu\u00f1eca Tern"},"content":{"rendered":"<p>El Tern incorpora una pantalla AMOLED de 1,3\" con una clara visibilidad en diversas condiciones de iluminaci\u00f3n. Su dise\u00f1o tipo reloj y su pantalla de alta resoluci\u00f3n garantizan un f\u00e1cil acceso a los datos vitales de buceo.<\/p>\n<p>El Tern admite los modos Aire, Nitrox, Nitrox 3 gases, Profund\u00edmetro y Apnea.<\/p>\n<p>Dise\u00f1ados y fabricados en Canad\u00e1 y con una profundidad de inmersi\u00f3n de hasta 120 metros, estos ordenadores cumplen las normas EN para el buceo.<\/p>\n<div class=\"widget-filter\">\n<ul>\n<li>A todo color, alta resoluci\u00f3n, AMOLED<\/li>\n<li>Perfil moderno y elegante<\/li>\n<li>Tecnolog\u00eda inal\u00e1mbrica Bluetooth<\/li>\n<li>Bater\u00eda recargable de iones de litio<\/li>\n<li>Temporizador de fondo con cron\u00f3metro y registro de inmersiones<\/li>\n<li>1.3f Tama\u00f1o de la pantalla<\/li>\n<li>Vidrio templado<\/li>\n<li>Profundidad nominal 120 m \/ 394 pies<\/li>\n<li>Aire, Nitrox, Nitrox de 3 gases, Man\u00f3metro. Modos de apnea<\/li>\n<\/ul>\n<\/div>","protected":false},"excerpt":{"rendered":"<p>The Tern features a 1.3\u201d AMOLED screen with clear visibility in various lighting conditions. Their watch-style design and high-resolution display ensure easy access to vital diving data. The Tern supports Air, Nitrox, 3 Gas Nitrox, Gauge, and Freedive modes. Designed and Built in Canada and depth-rated to 120 meters, these computers meet EN standards for [&hellip;]<\/p>\n","protected":false},"featured_media":2789,"comment_status":"open","ping_status":"closed","template":"","meta":{"_themeisle_gutenberg_block_has_review":false},"product_brand":[234],"product_cat":[40],"product_tag":[155],"class_list":{"0":"post-2785","1":"product","2":"type-product","3":"status-publish","4":"has-post-thumbnail","6":"product_brand-shearwater","7":"product_cat-computers","8":"product_tag-shearwater","10":"first","11":"instock","12":"taxable","13":"shipping-taxable","14":"purchasable","15":"product-type-simple"},"_links":{"self":[{"href":"https:\/\/rangoextendido.shop\/es\/wp-json\/wp\/v2\/product\/2785","targetHints":{"allow":["GET"]}}],"collection":[{"href":"https:\/\/rangoextendido.shop\/es\/wp-json\/wp\/v2\/product"}],"about":[{"href":"https:\/\/rangoextendido.shop\/es\/wp-json\/wp\/v2\/types\/product"}],"replies":[{"embeddable":true,"href":"https:\/\/rangoextendido.shop\/es\/wp-json\/wp\/v2\/comments?post=2785"}],"wp:featuredmedia":[{"embeddable":true,"href":"https:\/\/rangoextendido.shop\/es\/wp-json\/wp\/v2\/media\/2789"}],"wp:attachment":[{"href":"https:\/\/rangoextendido.shop\/es\/wp-json\/wp\/v2\/media?parent=2785"}],"wp:term":[{"taxonomy":"product_brand","embeddable":true,"href":"https:\/\/rangoextendido.shop\/es\/wp-json\/wp\/v2\/product_brand?post=2785"},{"taxonomy":"product_cat","embeddable":true,"href":"https:\/\/rangoextendido.shop\/es\/wp-json\/wp\/v2\/product_cat?post=2785"},{"taxonomy":"product_tag","embeddable":true,"href":"https:\/\/rangoextendido.shop\/es\/wp-json\/wp\/v2\/product_tag?post=2785"}],"curies":[{"name":"wp","href":"https:\/\/api.w.org\/{rel}","templated":true}]}}