{"id":2792,"date":"2024-09-10T17:43:17","date_gmt":"2024-09-10T17:43:17","guid":{"rendered":"https:\/\/rangoextendido.shop\/?post_type=product&#038;p=2792"},"modified":"2026-03-23T23:43:43","modified_gmt":"2026-03-23T23:43:43","slug":"tern-tx-wrist-dive-computer","status":"publish","type":"product","link":"https:\/\/rangoextendido.shop\/es\/producto\/tern-tx-wrist-dive-computer\/","title":{"rendered":"Ordenador de buceo de mu\u00f1eca Tern TX"},"content":{"rendered":"<p>El Tern TX incorpora una pantalla AMOLED de 1,3\" con una clara visibilidad en diversas condiciones de iluminaci\u00f3n. El dise\u00f1o tipo reloj y la pantalla de alta resoluci\u00f3n garantizan un f\u00e1cil acceso a los datos vitales de buceo.<\/p>\n<p>El Tern TX destaca por su capacidad para conectarse hasta a cuatro transmisores Swift e incluye una br\u00fajula digital. Ambos modelos admiten los modos Aire, Nitrox, Nitrox 3 gases, Profund\u00edmetro y Apnea.<\/p>\n<p>Dise\u00f1ados y fabricados en Canad\u00e1 y clasificados para profundidades de hasta 120 metros, estos ordenadores cumplen las normas EN de conformidad para el buceo. Vienen con las nuevas correas de conexi\u00f3n r\u00e1pida Remora\u2122 y correas de cincha de Shearwater, que ofrecen una f\u00e1cil personalizaci\u00f3n con varias longitudes y colores de correa.<\/p>\n<ul>\n<li>Tecnolog\u00eda de pantalla Amoled<\/li>\n<li>1.3f Tama\u00f1o de la pantalla<\/li>\n<li>Vidrio templado<\/li>\n<li>Recargable inal\u00e1mbrica de iones de litio<\/li>\n<li>Bluetooth<\/li>\n<li>Unas 20 horas de duraci\u00f3n de la bater\u00eda<\/li>\n<li>Profundidad nominal 120 m \/ 394 pies<\/li>\n<li>Aire, Nitrox, Nitrox de 3 gases, Man\u00f3metro. Modos de apnea<\/li>\n<\/ul>","protected":false},"excerpt":{"rendered":"<p>The Tern TX features a 1.3\u201d AMOLED screen with clear visibility in various lighting conditions. The watch-style design and high-resolution display ensures easy access to vital diving data. The Tern TX stands out with its ability to connect to up to four Swift transmitters and includes a digital compass. Both models support Air, Nitrox, 3 [&hellip;]<\/p>\n","protected":false},"featured_media":2796,"comment_status":"open","ping_status":"closed","template":"","meta":{"_themeisle_gutenberg_block_has_review":false},"product_brand":[234],"product_cat":[40],"product_tag":[155],"class_list":{"0":"post-2792","1":"product","2":"type-product","3":"status-publish","4":"has-post-thumbnail","6":"product_brand-shearwater","7":"product_cat-computers","8":"product_tag-shearwater","10":"first","11":"instock","12":"taxable","13":"shipping-taxable","14":"purchasable","15":"product-type-simple"},"_links":{"self":[{"href":"https:\/\/rangoextendido.shop\/es\/wp-json\/wp\/v2\/product\/2792","targetHints":{"allow":["GET"]}}],"collection":[{"href":"https:\/\/rangoextendido.shop\/es\/wp-json\/wp\/v2\/product"}],"about":[{"href":"https:\/\/rangoextendido.shop\/es\/wp-json\/wp\/v2\/types\/product"}],"replies":[{"embeddable":true,"href":"https:\/\/rangoextendido.shop\/es\/wp-json\/wp\/v2\/comments?post=2792"}],"wp:featuredmedia":[{"embeddable":true,"href":"https:\/\/rangoextendido.shop\/es\/wp-json\/wp\/v2\/media\/2796"}],"wp:attachment":[{"href":"https:\/\/rangoextendido.shop\/es\/wp-json\/wp\/v2\/media?parent=2792"}],"wp:term":[{"taxonomy":"product_brand","embeddable":true,"href":"https:\/\/rangoextendido.shop\/es\/wp-json\/wp\/v2\/product_brand?post=2792"},{"taxonomy":"product_cat","embeddable":true,"href":"https:\/\/rangoextendido.shop\/es\/wp-json\/wp\/v2\/product_cat?post=2792"},{"taxonomy":"product_tag","embeddable":true,"href":"https:\/\/rangoextendido.shop\/es\/wp-json\/wp\/v2\/product_tag?post=2792"}],"curies":[{"name":"wp","href":"https:\/\/api.w.org\/{rel}","templated":true}]}}