{"id":2828,"date":"2024-09-11T19:42:33","date_gmt":"2024-09-11T19:42:33","guid":{"rendered":"https:\/\/rangoextendido.shop\/?post_type=product&#038;p=2828"},"modified":"2026-03-24T22:15:18","modified_gmt":"2026-03-24T22:15:18","slug":"b1-wet-boot-7mm","status":"publish","type":"product","link":"https:\/\/rangoextendido.shop\/es\/producto\/b1-wet-boot-7mm\/","title":{"rendered":"B1 Bota h\u00fameda 7mm"},"content":{"rendered":"<p>Botas semisecas Waterproof Serie B1 Mantener los pies protegidos del fr\u00edo es esencial para el calor general, ya se lo dijo su madre, \u00bfverdad? Waterproof mantiene a mam\u00e1 y a sus pies contentos ofreci\u00e9ndoles una gama de botas fabricadas para condiciones extremas. Se trata de una resistente bota semiseca con una cremallera extra larga para pon\u00e9rsela f\u00e1cilmente. Los talones y los dedos est\u00e1n reforzados y la bota tiene un dise\u00f1o en \u00e1ngulo para reducir la tensi\u00f3n al aletear.<\/p>","protected":false},"excerpt":{"rendered":"<p>Waterproof B1 Series Semidry Boots Keeping your feet protected from cold is essential for overall warmth, your mother told you so didn\u2019t she? Waterproof keeps Mom and your feet happy by offering a boot range that is built for extreme conditions. This is a tough semi-dry boot with an extra long zipper for easy donning. [&hellip;]<\/p>\n","protected":false},"featured_media":2833,"comment_status":"open","ping_status":"closed","template":"","meta":{"_themeisle_gutenberg_block_has_review":false},"product_brand":[228],"product_cat":[121,38],"product_tag":[197],"class_list":{"0":"post-2828","1":"product","2":"type-product","3":"status-publish","4":"has-post-thumbnail","6":"product_brand-waterproof","7":"product_cat-call-for-price","8":"product_cat-wetsuits","9":"product_tag-waterproof","11":"first","12":"instock","13":"taxable","14":"shipping-taxable","15":"purchasable","16":"product-type-variable"},"_links":{"self":[{"href":"https:\/\/rangoextendido.shop\/es\/wp-json\/wp\/v2\/product\/2828","targetHints":{"allow":["GET"]}}],"collection":[{"href":"https:\/\/rangoextendido.shop\/es\/wp-json\/wp\/v2\/product"}],"about":[{"href":"https:\/\/rangoextendido.shop\/es\/wp-json\/wp\/v2\/types\/product"}],"replies":[{"embeddable":true,"href":"https:\/\/rangoextendido.shop\/es\/wp-json\/wp\/v2\/comments?post=2828"}],"wp:featuredmedia":[{"embeddable":true,"href":"https:\/\/rangoextendido.shop\/es\/wp-json\/wp\/v2\/media\/2833"}],"wp:attachment":[{"href":"https:\/\/rangoextendido.shop\/es\/wp-json\/wp\/v2\/media?parent=2828"}],"wp:term":[{"taxonomy":"product_brand","embeddable":true,"href":"https:\/\/rangoextendido.shop\/es\/wp-json\/wp\/v2\/product_brand?post=2828"},{"taxonomy":"product_cat","embeddable":true,"href":"https:\/\/rangoextendido.shop\/es\/wp-json\/wp\/v2\/product_cat?post=2828"},{"taxonomy":"product_tag","embeddable":true,"href":"https:\/\/rangoextendido.shop\/es\/wp-json\/wp\/v2\/product_tag?post=2828"}],"curies":[{"name":"wp","href":"https:\/\/api.w.org\/{rel}","templated":true}]}}