{"id":2867,"date":"2024-09-19T21:18:01","date_gmt":"2024-09-19T21:18:01","guid":{"rendered":"https:\/\/rangoextendido.shop\/?post_type=product&#038;p=2867"},"modified":"2026-03-24T01:09:24","modified_gmt":"2026-03-24T01:09:24","slug":"perdix-protective-case","status":"publish","type":"product","link":"https:\/\/rangoextendido.shop\/es\/producto\/perdix-protective-case\/","title":{"rendered":"Funda protectora Perdix"},"content":{"rendered":"<p>Bucee con confianza utilizando las protecciones TEKnology de AMX dise\u00f1adas espec\u00edficamente para el ordenador de buceo SHEARWATER PERDIX. Nuestras protecciones son la elecci\u00f3n definitiva para asegurar y prolongar la vida \u00fatil de su valioso equipo de buceo.<\/p>\n<p>El SHEARWATER PERDIX es algo m\u00e1s que un ordenador de buceo. Es una herramienta esencial que le gu\u00eda a trav\u00e9s de las profundidades, permiti\u00e9ndole descubrir las maravillas ocultas de los oc\u00e9anos. Pero como cualquier equipo de buceo de calidad, el PERDIX requiere una protecci\u00f3n adecuada para evitar costosos da\u00f1os y prolongar su durabilidad.<\/p>\n<p>Nuestras protecciones est\u00e1n fabricadas en aluminio anodizado T6082, lo que garantiza una resistencia superior a los golpes, los ara\u00f1azos y las condiciones submarinas extremas. Con ocho colores disponibles, puede personalizar su protecci\u00f3n para que combine con su estilo y su equipo de buceo.<\/p>\n<p><strong>COMPATIBLE CON:<\/strong><\/p>\n<p><strong>PARDELA PERDIX 1<\/strong><\/p>\n<p><strong>SHEARWATER PERDIX 2TI<\/strong><\/p>","protected":false},"excerpt":{"rendered":"<p>La protecci\u00f3n AMX-TEKnology para el ordenador de buceo SHEARWATER PERDIX ofrece una defensa de vanguardia contra los elementos. Este sistema resiste los golpes, garantizando la seguridad de su ordenador en los entornos submarinos m\u00e1s exigentes. Su robusto dise\u00f1o y anodizado garantizan la m\u00e1xima durabilidad. Con AMX-TEKnology, bucee con tranquilidad, sabiendo que su equipo est\u00e1 protegido.<\/p>","protected":false},"featured_media":2884,"comment_status":"open","ping_status":"closed","template":"","meta":{"_themeisle_gutenberg_block_has_review":false},"product_brand":[],"product_cat":[83,40],"product_tag":[199],"class_list":{"0":"post-2867","1":"product","2":"type-product","3":"status-publish","4":"has-post-thumbnail","6":"product_cat-accessories","7":"product_cat-computers","8":"product_tag-amx-teknology","10":"first","11":"instock","12":"taxable","13":"shipping-taxable","14":"purchasable","15":"product-type-variable"},"_links":{"self":[{"href":"https:\/\/rangoextendido.shop\/es\/wp-json\/wp\/v2\/product\/2867","targetHints":{"allow":["GET"]}}],"collection":[{"href":"https:\/\/rangoextendido.shop\/es\/wp-json\/wp\/v2\/product"}],"about":[{"href":"https:\/\/rangoextendido.shop\/es\/wp-json\/wp\/v2\/types\/product"}],"replies":[{"embeddable":true,"href":"https:\/\/rangoextendido.shop\/es\/wp-json\/wp\/v2\/comments?post=2867"}],"wp:featuredmedia":[{"embeddable":true,"href":"https:\/\/rangoextendido.shop\/es\/wp-json\/wp\/v2\/media\/2884"}],"wp:attachment":[{"href":"https:\/\/rangoextendido.shop\/es\/wp-json\/wp\/v2\/media?parent=2867"}],"wp:term":[{"taxonomy":"product_brand","embeddable":true,"href":"https:\/\/rangoextendido.shop\/es\/wp-json\/wp\/v2\/product_brand?post=2867"},{"taxonomy":"product_cat","embeddable":true,"href":"https:\/\/rangoextendido.shop\/es\/wp-json\/wp\/v2\/product_cat?post=2867"},{"taxonomy":"product_tag","embeddable":true,"href":"https:\/\/rangoextendido.shop\/es\/wp-json\/wp\/v2\/product_tag?post=2867"}],"curies":[{"name":"wp","href":"https:\/\/api.w.org\/{rel}","templated":true}]}}