{"id":2888,"date":"2024-09-24T00:35:10","date_gmt":"2024-09-24T00:35:10","guid":{"rendered":"https:\/\/rangoextendido.shop\/?post_type=product&#038;p=2888"},"modified":"2026-03-23T23:43:43","modified_gmt":"2026-03-23T23:43:43","slug":"swift-next-gen-smart-ai-transmitter","status":"publish","type":"product","link":"https:\/\/rangoextendido.shop\/es\/producto\/swift-next-gen-smart-ai-transmitter\/","title":{"rendered":"Transmisor inteligente Swift de nueva generaci\u00f3n"},"content":{"rendered":"<p>Ad\u00e9ntrese en el futuro del buceo, donde la tecnolog\u00eda se une a la intuici\u00f3n, asegur\u00e1ndole que siempre permanecer\u00e1 conectado, incluso en medio de lo desconocido acu\u00e1tico.<\/p>\n<p>Aproveche el poder de la innovadora tecnolog\u00eda Smart AI. El Swift no es un transmisor cualquiera; cuenta con un exclusivo sistema avanzado de evitaci\u00f3n de colisiones, que garantiza el uso fiable de varios transmisores, sin temor a cortes en la comunicaci\u00f3n. Tanto si es un buceador novato como un profesional experimentado, el Shearwater Swift le promete una fiabilidad y versatilidad inigualables.<\/p>\n<h2 class=\"tabSectionHeader\">Caracter\u00edsticas<\/h2>\n<ul>\n<li>Tecnolog\u00eda de IA inteligente de \u00faltima generaci\u00f3n: Experimente la evitaci\u00f3n avanzada de colisiones y una fiabilidad insuperable<\/li>\n<li>Uso de m\u00faltiples transmisores: el intervalo de transmisi\u00f3n aleatorio de Swift garantiza un uso simult\u00e1neo sin contratiempos<\/li>\n<li>Tiempo de inmersi\u00f3n prolongado: Bucee libremente con hasta 300 horas de duraci\u00f3n ininterrumpida de la bater\u00eda<\/li>\n<li>Amplia compatibilidad: Se conecta sin esfuerzo con la gama de Shearwater y con muchos ordenadores de buceo l\u00edderes del mercado<\/li>\n<li>Indicador LED de estado: Mant\u00e9ngase informado con informaci\u00f3n visual instant\u00e1nea<\/li>\n<li>Instalaci\u00f3n sin esfuerzo: Montaje y desmontaje sin herramientas para inmersiones sin complicaciones<\/li>\n<li>Construcci\u00f3n robusta: Preparada para soportar los retos de diversos entornos de inmersi\u00f3n<\/li>\n<li>La seguridad ante todo: Proporciona una comunicaci\u00f3n coherente y fiable, garantizando la seguridad de los buceadores.<\/li>\n<\/ul>","protected":false},"excerpt":{"rendered":"<p>Bucee a mayor profundidad, de forma m\u00e1s inteligente y con m\u00e1s confianza con el transmisor inteligente AI de \u00faltima generaci\u00f3n de Shearwater Swift, fabricado con precisi\u00f3n en el coraz\u00f3n de Canad\u00e1.<\/p>","protected":false},"featured_media":2890,"comment_status":"open","ping_status":"closed","template":"","meta":{"_themeisle_gutenberg_block_has_review":false},"product_brand":[234],"product_cat":[40],"product_tag":[155],"class_list":{"0":"post-2888","1":"product","2":"type-product","3":"status-publish","4":"has-post-thumbnail","6":"product_brand-shearwater","7":"product_cat-computers","8":"product_tag-shearwater","10":"first","11":"instock","12":"taxable","13":"shipping-taxable","14":"purchasable","15":"product-type-simple"},"_links":{"self":[{"href":"https:\/\/rangoextendido.shop\/es\/wp-json\/wp\/v2\/product\/2888","targetHints":{"allow":["GET"]}}],"collection":[{"href":"https:\/\/rangoextendido.shop\/es\/wp-json\/wp\/v2\/product"}],"about":[{"href":"https:\/\/rangoextendido.shop\/es\/wp-json\/wp\/v2\/types\/product"}],"replies":[{"embeddable":true,"href":"https:\/\/rangoextendido.shop\/es\/wp-json\/wp\/v2\/comments?post=2888"}],"wp:featuredmedia":[{"embeddable":true,"href":"https:\/\/rangoextendido.shop\/es\/wp-json\/wp\/v2\/media\/2890"}],"wp:attachment":[{"href":"https:\/\/rangoextendido.shop\/es\/wp-json\/wp\/v2\/media?parent=2888"}],"wp:term":[{"taxonomy":"product_brand","embeddable":true,"href":"https:\/\/rangoextendido.shop\/es\/wp-json\/wp\/v2\/product_brand?post=2888"},{"taxonomy":"product_cat","embeddable":true,"href":"https:\/\/rangoextendido.shop\/es\/wp-json\/wp\/v2\/product_cat?post=2888"},{"taxonomy":"product_tag","embeddable":true,"href":"https:\/\/rangoextendido.shop\/es\/wp-json\/wp\/v2\/product_tag?post=2888"}],"curies":[{"name":"wp","href":"https:\/\/api.w.org\/{rel}","templated":true}]}}