{"id":2944,"date":"2024-11-09T21:10:33","date_gmt":"2024-11-09T21:10:33","guid":{"rendered":"https:\/\/rangoextendido.shop\/?post_type=product&#038;p=2944"},"modified":"2026-03-24T22:15:51","modified_gmt":"2026-03-24T22:15:51","slug":"w7-fullsuit-7mm-lady","status":"publish","type":"product","link":"https:\/\/rangoextendido.shop\/es\/producto\/w7-fullsuit-7mm-lady\/","title":{"rendered":"W7 Fullsuit 7mm Dama"},"content":{"rendered":"<p>El neopreno Neoflex 100% CR, extremadamente suave y flexible, en una elegante licra mate gris y negra le ofrece una perfecta elasticidad en 4 direcciones y un c\u00f3modo ajuste de alto rendimiento.<\/p>\n<p>Las rodilleras blandas de nuevo dise\u00f1o, reforzadas con Kevlar y Duratex, refuerzan una parte fundamental del traje. Sistema de doble sellado con cremallera, - Almohadilla para la columna vertebral, glide-skin reduce al m\u00ednimo el flujo de agua a trav\u00e9s del traje y ofrece mayor calidez. Doble sellado en glide-skin liso en mu\u00f1ecas y piernas con cremallera para a\u00f1adir comodidad y facilitar el ponerse y quitarse el traje.<br \/>\nForro t\u00e9rmico extensible para una sensaci\u00f3n m\u00e1s suave, c\u00e1lida y confortable.<br \/>\nSuperficies antideslizantes sobre los hombros y la cintura. Dos bolsillos aerodin\u00e1micos, f\u00e1ciles de usar y flexibles, con espacio suficiente para guardar una m\u00e1scara de repuesto, un SMB con carrete, tablas de deco, etc. Todas las cremalleras vienen equipadas con tiradores para facilitar su apertura y cierre con o sin guantes.<\/p>\n<p>\u00bfCansado del escalofr\u00edo en el cuello\/espalda al saltar al agua? Como opci\u00f3n, puede obtener un sello de cuello desmontable que elimina el flujo de agua, \u00a1una caracter\u00edstica muy bienvenida cuando se bucea sin capucha! La elegante combinaci\u00f3n de colores grises hace que combinar su traje con otras prendas y equipo sea pan comido.<\/p>\n<p>&nbsp;<\/p>","protected":false},"excerpt":{"rendered":"<p>El traje de buceo semiseco Waterproof W7 7mm Lady es un dise\u00f1o sueco de vanguardia fusionado con un traje de buceo de alta gama que est\u00e1 preparado para todo tipo de inmersiones.<\/p>","protected":false},"featured_media":2954,"comment_status":"open","ping_status":"closed","template":"","meta":{"_themeisle_gutenberg_block_has_review":false},"product_brand":[228],"product_cat":[38],"product_tag":[197],"class_list":{"0":"post-2944","1":"product","2":"type-product","3":"status-publish","4":"has-post-thumbnail","6":"product_brand-waterproof","7":"product_cat-wetsuits","8":"product_tag-waterproof","10":"first","11":"instock","12":"taxable","13":"shipping-taxable","14":"purchasable","15":"product-type-variable"},"_links":{"self":[{"href":"https:\/\/rangoextendido.shop\/es\/wp-json\/wp\/v2\/product\/2944","targetHints":{"allow":["GET"]}}],"collection":[{"href":"https:\/\/rangoextendido.shop\/es\/wp-json\/wp\/v2\/product"}],"about":[{"href":"https:\/\/rangoextendido.shop\/es\/wp-json\/wp\/v2\/types\/product"}],"replies":[{"embeddable":true,"href":"https:\/\/rangoextendido.shop\/es\/wp-json\/wp\/v2\/comments?post=2944"}],"wp:featuredmedia":[{"embeddable":true,"href":"https:\/\/rangoextendido.shop\/es\/wp-json\/wp\/v2\/media\/2954"}],"wp:attachment":[{"href":"https:\/\/rangoextendido.shop\/es\/wp-json\/wp\/v2\/media?parent=2944"}],"wp:term":[{"taxonomy":"product_brand","embeddable":true,"href":"https:\/\/rangoextendido.shop\/es\/wp-json\/wp\/v2\/product_brand?post=2944"},{"taxonomy":"product_cat","embeddable":true,"href":"https:\/\/rangoextendido.shop\/es\/wp-json\/wp\/v2\/product_cat?post=2944"},{"taxonomy":"product_tag","embeddable":true,"href":"https:\/\/rangoextendido.shop\/es\/wp-json\/wp\/v2\/product_tag?post=2944"}],"curies":[{"name":"wp","href":"https:\/\/api.w.org\/{rel}","templated":true}]}}