{"id":3019,"date":"2024-09-05T20:25:47","date_gmt":"2024-09-05T20:25:47","guid":{"rendered":"https:\/\/rangoextendido.shop\/?post_type=product&#038;p=3019"},"modified":"2026-03-24T19:53:08","modified_gmt":"2026-03-24T19:53:08","slug":"liberator-plus-dive-mask","status":"publish","type":"product","link":"https:\/\/rangoextendido.shop\/es\/producto\/liberator-plus-dive-mask\/","title":{"rendered":"M\u00e1scara de buceo Liberator Plus"},"content":{"rendered":"<p>Hebilla de correa sin resorte de ajuste r\u00e1pido.  Bajo volumen para un ajuste ce\u00f1ido.  Fald\u00f3n de silicona con doble borde de cristal.<\/p>\n<p>Dise\u00f1o de 2 ventanas con amplio campo de visi\u00f3n frontal, Dise\u00f1o de bajo volumen para un ajuste ce\u00f1ido y un despeje f\u00e1cil, Lentes correctoras disponibles (MC-5000)<\/p>\n<p>&nbsp;<\/p>\n<p>&nbsp;<\/p>","protected":false},"excerpt":{"rendered":"<p>Hebilla de correa sin resorte de ajuste r\u00e1pido.  Bajo volumen para un ajuste ce\u00f1ido.  Fald\u00f3n de silicona con doble borde de cristal. Dise\u00f1o de 2 ventanas con amplio campo de visi\u00f3n frontal, Dise\u00f1o de bajo volumen para un ajuste ce\u00f1ido y un despeje f\u00e1cil, Lentes correctoras disponibles (MC-5000) &nbsp; &nbsp;<\/p>","protected":false},"featured_media":3023,"comment_status":"open","ping_status":"closed","template":"","meta":{"_themeisle_gutenberg_block_has_review":false},"product_brand":[235],"product_cat":[35],"product_tag":[200],"class_list":{"0":"post-3019","1":"product","2":"type-product","3":"status-publish","4":"has-post-thumbnail","6":"product_brand-tusa","7":"product_cat-mask","8":"product_tag-tusa","10":"first","11":"instock","12":"taxable","13":"shipping-taxable","14":"purchasable","15":"product-type-simple"},"_links":{"self":[{"href":"https:\/\/rangoextendido.shop\/es\/wp-json\/wp\/v2\/product\/3019","targetHints":{"allow":["GET"]}}],"collection":[{"href":"https:\/\/rangoextendido.shop\/es\/wp-json\/wp\/v2\/product"}],"about":[{"href":"https:\/\/rangoextendido.shop\/es\/wp-json\/wp\/v2\/types\/product"}],"replies":[{"embeddable":true,"href":"https:\/\/rangoextendido.shop\/es\/wp-json\/wp\/v2\/comments?post=3019"}],"wp:featuredmedia":[{"embeddable":true,"href":"https:\/\/rangoextendido.shop\/es\/wp-json\/wp\/v2\/media\/3023"}],"wp:attachment":[{"href":"https:\/\/rangoextendido.shop\/es\/wp-json\/wp\/v2\/media?parent=3019"}],"wp:term":[{"taxonomy":"product_brand","embeddable":true,"href":"https:\/\/rangoextendido.shop\/es\/wp-json\/wp\/v2\/product_brand?post=3019"},{"taxonomy":"product_cat","embeddable":true,"href":"https:\/\/rangoextendido.shop\/es\/wp-json\/wp\/v2\/product_cat?post=3019"},{"taxonomy":"product_tag","embeddable":true,"href":"https:\/\/rangoextendido.shop\/es\/wp-json\/wp\/v2\/product_tag?post=3019"}],"curies":[{"name":"wp","href":"https:\/\/api.w.org\/{rel}","templated":true}]}}