{"id":3218,"date":"2024-11-17T02:31:21","date_gmt":"2024-11-17T02:31:21","guid":{"rendered":"https:\/\/rangoextendido.shop\/?post_type=product&#038;p=3218"},"modified":"2026-03-24T22:15:47","modified_gmt":"2026-03-24T22:15:47","slug":"w4-fullsuit-5mm-men","status":"publish","type":"product","link":"https:\/\/rangoextendido.shop\/es\/producto\/w4-fullsuit-5mm-men\/","title":{"rendered":"W4 Fullsuit 5mm Hombre"},"content":{"rendered":"<p>La rodillera de goma moldeada en 3D es perfecta para el instructor de buceo que pasa mucho tiempo de rodillas en el agua mientras ense\u00f1a. Los sellados dobles de piel lisa en brazos y piernas, el cuello ajustable y la espinillera de 10 mm con un sellado adicional en la cremallera trasera mantienen el agua fr\u00eda fuera. Los sellos est\u00e1n dise\u00f1ados para ajustarse a las botas y guantes WP.<\/p>\n<p>Todas las cremalleras en Vislon no10 de primera clase de YKK. La cremallera trasera deslizante de bronce garantiza un funcionamiento sin problemas durante muchos a\u00f1os.<br \/>\nPaneles ToughTex en codos y rodillas, hilo de nailon HiQ Bonded y neopreno 100% CR en todos los paneles. La calidad est\u00e1 en los detalles.<br \/>\nEl W4 tambi\u00e9n cuenta con anclajes dobles para la correa del ordenador con antideslizante, cremallera frontal de confort en el cuello, forro interior de felpa y refuerzo antideslizante en el asiento y los hombros.<\/p>","protected":false},"excerpt":{"rendered":"<p>El dise\u00f1o anat\u00f3mico en 3D, con brazos y piernas precurvados con paneles el\u00e1sticos y construcci\u00f3n espec\u00edfica para cada sexo, garantiza un ajuste c\u00f3modo y una posici\u00f3n corporal relajante en el agua.<\/p>","protected":false},"featured_media":3251,"comment_status":"open","ping_status":"closed","template":"","meta":{"_themeisle_gutenberg_block_has_review":false},"product_brand":[228],"product_cat":[38],"product_tag":[197],"class_list":{"0":"post-3218","1":"product","2":"type-product","3":"status-publish","4":"has-post-thumbnail","6":"product_brand-waterproof","7":"product_cat-wetsuits","8":"product_tag-waterproof","10":"first","11":"instock","12":"taxable","13":"shipping-taxable","14":"purchasable","15":"product-type-variable"},"_links":{"self":[{"href":"https:\/\/rangoextendido.shop\/es\/wp-json\/wp\/v2\/product\/3218","targetHints":{"allow":["GET"]}}],"collection":[{"href":"https:\/\/rangoextendido.shop\/es\/wp-json\/wp\/v2\/product"}],"about":[{"href":"https:\/\/rangoextendido.shop\/es\/wp-json\/wp\/v2\/types\/product"}],"replies":[{"embeddable":true,"href":"https:\/\/rangoextendido.shop\/es\/wp-json\/wp\/v2\/comments?post=3218"}],"wp:featuredmedia":[{"embeddable":true,"href":"https:\/\/rangoextendido.shop\/es\/wp-json\/wp\/v2\/media\/3251"}],"wp:attachment":[{"href":"https:\/\/rangoextendido.shop\/es\/wp-json\/wp\/v2\/media?parent=3218"}],"wp:term":[{"taxonomy":"product_brand","embeddable":true,"href":"https:\/\/rangoextendido.shop\/es\/wp-json\/wp\/v2\/product_brand?post=3218"},{"taxonomy":"product_cat","embeddable":true,"href":"https:\/\/rangoextendido.shop\/es\/wp-json\/wp\/v2\/product_cat?post=3218"},{"taxonomy":"product_tag","embeddable":true,"href":"https:\/\/rangoextendido.shop\/es\/wp-json\/wp\/v2\/product_tag?post=3218"}],"curies":[{"name":"wp","href":"https:\/\/api.w.org\/{rel}","templated":true}]}}