{"id":3466,"date":"2025-04-05T01:53:32","date_gmt":"2025-04-05T01:53:32","guid":{"rendered":"https:\/\/rangoextendido.shop\/?post_type=product&#038;p=3466"},"modified":"2026-03-24T22:15:51","modified_gmt":"2026-03-24T22:15:51","slug":"w7-fullsuit-5mm-lady","status":"publish","type":"product","link":"https:\/\/rangoextendido.shop\/es\/producto\/w7-fullsuit-5mm-lady\/","title":{"rendered":"W7 Fullsuit 5mm Lady"},"content":{"rendered":"<p>Waterproof no ser\u00eda Waterproof si no equipara el traje con dos correas de anclaje con antideslizante para su ordenador, un resistente asiento Duratex para protecci\u00f3n contra la abrasi\u00f3n, \u00a1todas las caracter\u00edsticas a las que se ha acostumbrado en los trajes Waterproof! Las rodilleras blandas de nuevo dise\u00f1o, Kevlar y Duratex reforzado fortalecen una parte cr\u00edtica del traje. El sistema de sellado de doble cremallera, la almohadilla para la columna vertebral y la piel deslizante reducen al m\u00ednimo el flujo de agua a trav\u00e9s del traje y ofrecen una mayor calidez. Doble sellado en piel deslizante lisa en mu\u00f1ecas y piernas con cremallera para a\u00f1adir comodidad y facilitar el ponerse y quitarse el traje.\n\nTraducci\u00f3n realizada con la versi\u00f3n gratuita del traductor DeepL.com<\/p>\n<ul>\n<li>\n<div><b>5mm W7 Women&#8217;s Full Wetsuit<\/b><\/div>\n<\/li>\n<li>\n<div>Evolution of a Winning Concept<\/div>\n<\/li>\n<li>\n<div>Swedish Cutting-Edge Design Merges w\/High-End Wetsuit<\/div>\n<\/li>\n<li>\n<div>For the Demanding Diver<\/div>\n<\/li>\n<li>\n<div>Top-Notch Wetsuit Ready for All Kinds of Diving<\/div>\n<\/li>\n<li>\n<div>Latest Back-Zipper Wetsuit from Waterproof<\/div>\n<\/li>\n<li>\n<div>Extremely Soft, Flexible Neoflex 100% CR Neoprene<\/div>\n<\/li>\n<li>\n<div>Elegant Grey &amp; Black Dull Lycra<\/div>\n<\/li>\n<li>\n<div>Offers Perfect 4-Way Stretch &amp; Comfortable High-Performance Fit<\/div>\n<\/li>\n<li>\n<div>2-Anchor-Straps w\/Anti-Slip for Computer<\/div>\n<\/li>\n<li>\n<div>Tough Duratex Seat for Abrasion Protection<\/div>\n<\/li>\n<li>\n<div>Soft Kneepads<\/div>\n<\/li>\n<li>\n<div>Kevlar, &amp; Duratex Reinforced Strengthens Critical Part of Suit<\/div>\n<\/li>\n<li>\n<div>Double Zipper Seal System<\/div>\n<\/li>\n<li>\n<div>Spine Pad, Glide-Skin Reduces Water Flow Thru-Suit to Minimum<\/div>\n<\/li>\n<li>\n<div>Suit Offers Added Warmth<\/div>\n<\/li>\n<li>\n<div>Double Seals In-Smooth Glide-Skin In-Wrist &amp; Legs w\/Zipper<\/div>\n<\/li>\n<li>\n<div>Seal\/Zippers Add Comfort, Ease of Donning\/Doffing<\/div>\n<\/li>\n<li>\n<div>Extend Thermal Lining for Softer, Warmer, More Comfortable Feel<\/div>\n<\/li>\n<li>\n<div>Anti-Slip Surfaces Over Shoulders &amp; Waist<\/div>\n<\/li>\n<li>\n<div><b>2-Streamlined, Easy to Use, Flexible Pockets:<\/b><br \/>\nEnough Space to Hold:<br \/>\nSpare Mask, SMB w\/Spool<br \/>\nDeco Tables &amp; More<\/div>\n<\/li>\n<li>\n<div>Pockets Have Water Drain Valves<\/div>\n<\/li>\n<li>\n<div>All Zippers Equipped w\/Zipper Pullers<\/div>\n<\/li>\n<li>\n<div>Optional Detachable Neck Seal Eliminates Water Flow<\/div>\n<\/li>\n<li>\n<div>Manufactured w\/Highest-Grade Materials &amp; Technologies Available<\/div>\n<\/li>\n<li>\n<div>Maximize Durability: Keeps W7 In -Action-Longer<\/div>\n<\/li>\n<li>\n<div><b>Generous Double Seals:<\/b><br \/>\nMade from Super-Stretch Neoprene w\/Zippers at Arms &amp; Legs<br \/>\nYKK #10 Vislon Zippers<\/div>\n<\/li>\n<li>\n<div>Gender Specific Styling<\/div>\n<\/li>\n<li>\n<div>JAKO Neoflex 100% Microcell Limestone CR Neoprene<\/div>\n<\/li>\n<li>\n<div>Only Neoprene that Really Works for Diving<\/div>\n<\/li>\n<li>\n<div>Excellent Durability &amp; Insulation<\/div>\n<\/li>\n<li>\n<div>All Seams: Glued &amp; Sewn for Strength &amp; Durability<\/div>\n<\/li>\n<li>\n<div><b>Wetsuit:<\/b><br \/>\nMost Sustainable-As-Possible<br \/>\nMinimizing Impact On-Environment<\/div>\n<\/li>\n<li>\n<div>Available-In Multiple Sizes<\/div>\n<\/li>\n<\/ul>","protected":false},"excerpt":{"rendered":"<p>El neopreno Neoflex 100% CR, extremadamente suave y flexible, en una elegante licra mate gris y negra le ofrece una perfecta elasticidad en 4 direcciones y un c\u00f3modo ajuste de alto rendimiento.<\/p>","protected":false},"featured_media":3470,"comment_status":"open","ping_status":"closed","template":"","meta":{"_themeisle_gutenberg_block_has_review":false},"product_brand":[228],"product_cat":[38],"product_tag":[197],"class_list":{"0":"post-3466","1":"product","2":"type-product","3":"status-publish","4":"has-post-thumbnail","6":"product_brand-waterproof","7":"product_cat-wetsuits","8":"product_tag-waterproof","10":"first","11":"instock","12":"taxable","13":"shipping-taxable","14":"purchasable","15":"product-type-variable"},"_links":{"self":[{"href":"https:\/\/rangoextendido.shop\/es\/wp-json\/wp\/v2\/product\/3466","targetHints":{"allow":["GET"]}}],"collection":[{"href":"https:\/\/rangoextendido.shop\/es\/wp-json\/wp\/v2\/product"}],"about":[{"href":"https:\/\/rangoextendido.shop\/es\/wp-json\/wp\/v2\/types\/product"}],"replies":[{"embeddable":true,"href":"https:\/\/rangoextendido.shop\/es\/wp-json\/wp\/v2\/comments?post=3466"}],"wp:featuredmedia":[{"embeddable":true,"href":"https:\/\/rangoextendido.shop\/es\/wp-json\/wp\/v2\/media\/3470"}],"wp:attachment":[{"href":"https:\/\/rangoextendido.shop\/es\/wp-json\/wp\/v2\/media?parent=3466"}],"wp:term":[{"taxonomy":"product_brand","embeddable":true,"href":"https:\/\/rangoextendido.shop\/es\/wp-json\/wp\/v2\/product_brand?post=3466"},{"taxonomy":"product_cat","embeddable":true,"href":"https:\/\/rangoextendido.shop\/es\/wp-json\/wp\/v2\/product_cat?post=3466"},{"taxonomy":"product_tag","embeddable":true,"href":"https:\/\/rangoextendido.shop\/es\/wp-json\/wp\/v2\/product_tag?post=3466"}],"curies":[{"name":"wp","href":"https:\/\/api.w.org\/{rel}","templated":true}]}}