{"id":3701,"date":"2026-02-24T19:07:10","date_gmt":"2026-02-24T19:07:10","guid":{"rendered":"https:\/\/rangoextendido.shop\/?post_type=product&#038;p=3701"},"modified":"2026-03-24T01:00:43","modified_gmt":"2026-03-24T01:00:43","slug":"travel-wing","status":"publish","type":"product","link":"https:\/\/rangoextendido.shop\/es\/producto\/travel-wing\/","title":{"rendered":"Travel Wing"},"content":{"rendered":"<p><span class=\"TextRun SCXW144583553 BCX0\" lang=\"EN-US\" xml:lang=\"EN-US\" data-contrast=\"auto\"><span class=\"NormalTextRun SCXW144583553 BCX0\">Con un innovador dise\u00f1o contorneado en 3D, estas aletas se ajustan al cilindro mejor que nunca, lo que permite una distribuci\u00f3n precisa de la sustentaci\u00f3n para mejorar el equilibrio bajo el agua y optimizar la flotabilidad en la superficie. <\/span><\/span>Con un peso de 1,1 kg, no tendr\u00e1s que preocuparte por el recargo por exceso de equipaje. El Travel Wing est\u00e1 fabricado con un resistente nailon bal\u00edstico 1680 y cuenta con paneles laterales con tecnolog\u00eda SuperFabric\u00ae para una mayor protecci\u00f3n y resistencia a la abrasi\u00f3n. Disponible con salida r\u00e1pida o codo, a elecci\u00f3n del buceador, en longitudes de 12, 16 o 22 pulgadas. Este ala modular se acopla a la perfecci\u00f3n con el TransPac, el TransPlate o cualquier otra placa trasera y arn\u00e9s met\u00e1licos. Disponible en negro, verde OD, azul y rojo. Fabricado en EE. UU.<\/p>","protected":false},"excerpt":{"rendered":"<p>Con una flotabilidad de 11 kg, el Travel Wing es la mejor opci\u00f3n para el buceo en aguas c\u00e1lidas. Su forma aerodin\u00e1mica es ideal para botellas de aluminio de 80 litros y un equipo de protecci\u00f3n m\u00ednimo, lo que te ofrece una soluci\u00f3n perfectamente equilibrada y compacta para tus escapadas tropicales.<\/p>","protected":false},"featured_media":3711,"comment_status":"open","ping_status":"closed","template":"","meta":{"_themeisle_gutenberg_block_has_review":false},"product_brand":[227],"product_cat":[85],"product_tag":[58],"class_list":{"0":"post-3701","1":"product","2":"type-product","3":"status-publish","4":"has-post-thumbnail","6":"product_brand-dive-rite","7":"product_cat-wings","8":"product_tag-dive-rite","10":"first","11":"instock","12":"taxable","13":"shipping-taxable","14":"purchasable","15":"product-type-variable","16":"has-default-attributes"},"_links":{"self":[{"href":"https:\/\/rangoextendido.shop\/es\/wp-json\/wp\/v2\/product\/3701","targetHints":{"allow":["GET"]}}],"collection":[{"href":"https:\/\/rangoextendido.shop\/es\/wp-json\/wp\/v2\/product"}],"about":[{"href":"https:\/\/rangoextendido.shop\/es\/wp-json\/wp\/v2\/types\/product"}],"replies":[{"embeddable":true,"href":"https:\/\/rangoextendido.shop\/es\/wp-json\/wp\/v2\/comments?post=3701"}],"wp:featuredmedia":[{"embeddable":true,"href":"https:\/\/rangoextendido.shop\/es\/wp-json\/wp\/v2\/media\/3711"}],"wp:attachment":[{"href":"https:\/\/rangoextendido.shop\/es\/wp-json\/wp\/v2\/media?parent=3701"}],"wp:term":[{"taxonomy":"product_brand","embeddable":true,"href":"https:\/\/rangoextendido.shop\/es\/wp-json\/wp\/v2\/product_brand?post=3701"},{"taxonomy":"product_cat","embeddable":true,"href":"https:\/\/rangoextendido.shop\/es\/wp-json\/wp\/v2\/product_cat?post=3701"},{"taxonomy":"product_tag","embeddable":true,"href":"https:\/\/rangoextendido.shop\/es\/wp-json\/wp\/v2\/product_tag?post=3701"}],"curies":[{"name":"wp","href":"https:\/\/api.w.org\/{rel}","templated":true}]}}